{"id":6148,"date":"2025-07-16T11:03:53","date_gmt":"2025-07-16T11:03:53","guid":{"rendered":"https:\/\/letempsjadisauction.com\/?post_type=product&#038;p=6148"},"modified":"2025-07-29T19:05:19","modified_gmt":"2025-07-29T19:05:19","slug":"19-louis-leloup-attr-verre-noir-feuilles-dor","status":"publish","type":"product","link":"https:\/\/letempsjadisauction.com\/en\/auction\/19-louis-leloup-attr-verre-noir-feuilles-dor\/","title":{"rendered":"19-Louis Leloup (attr.) \u2013 Verre noir feuilles d\u2019or"},"content":{"rendered":"<p>Attribu\u00e9 \u00e0 Louis Leloup (1929-), presse-papiers sph\u00e9rique en verre noir orn\u00e9 de feuilles d\u2019or, 5 x 5 cm<\/p>","protected":false},"excerpt":{"rendered":"<p>Louis Leloup (attr.) \u2013 Verre noir feuilles d\u2019or<\/p>","protected":false},"featured_media":5717,"template":"","meta":{"_acf_changed":false,"inline_featured_image":false},"online_sale":[58],"product_brand":[],"product_cat":[18],"product_tag":[],"class_list":{"0":"post-6148","1":"product","2":"type-product","3":"status-publish","4":"has-post-thumbnail","6":"online_sale-juillet-2025","7":"product_cat-non-classe","9":"first","10":"instock","11":"shipping-taxable","12":"purchasable","13":"product-type-auction"},"acf":[],"_links":{"self":[{"href":"https:\/\/letempsjadisauction.com\/en\/wp-json\/wp\/v2\/product\/6148","targetHints":{"allow":["GET"]}}],"collection":[{"href":"https:\/\/letempsjadisauction.com\/en\/wp-json\/wp\/v2\/product"}],"about":[{"href":"https:\/\/letempsjadisauction.com\/en\/wp-json\/wp\/v2\/types\/product"}],"wp:featuredmedia":[{"embeddable":true,"href":"https:\/\/letempsjadisauction.com\/en\/wp-json\/wp\/v2\/media\/5717"}],"wp:attachment":[{"href":"https:\/\/letempsjadisauction.com\/en\/wp-json\/wp\/v2\/media?parent=6148"}],"wp:term":[{"taxonomy":"online_sale","embeddable":true,"href":"https:\/\/letempsjadisauction.com\/en\/wp-json\/wp\/v2\/online_sale?post=6148"},{"taxonomy":"product_brand","embeddable":true,"href":"https:\/\/letempsjadisauction.com\/en\/wp-json\/wp\/v2\/product_brand?post=6148"},{"taxonomy":"product_cat","embeddable":true,"href":"https:\/\/letempsjadisauction.com\/en\/wp-json\/wp\/v2\/product_cat?post=6148"},{"taxonomy":"product_tag","embeddable":true,"href":"https:\/\/letempsjadisauction.com\/en\/wp-json\/wp\/v2\/product_tag?post=6148"}],"curies":[{"name":"wp","href":"https:\/\/api.w.org\/{rel}","templated":true}]}}