{"id":6149,"date":"2025-07-16T11:03:53","date_gmt":"2025-07-16T11:03:53","guid":{"rendered":"https:\/\/letempsjadisauction.com\/?post_type=product&#038;p=6149"},"modified":"2025-07-30T10:38:03","modified_gmt":"2025-07-30T10:38:03","slug":"20-caithness-horloge-verre-bleu-cobalt","status":"publish","type":"product","link":"https:\/\/letempsjadisauction.com\/en\/auction\/20-caithness-horloge-verre-bleu-cobalt\/","title":{"rendered":"20-Caithness \u2013 Horloge verre bleu cobalt"},"content":{"rendered":"<p>Presse-papiers horloge en verre bleu cobalt, int\u00e9grant un cadran rond \u00e0 chiffres romains sign\u00e9 \u00ab\u202fCaithness\u202f\u00bb, 8 x 7 cm<\/p>","protected":false},"excerpt":{"rendered":"<p>Caithness \u2013 Horloge verre bleu cobalt<\/p>","protected":false},"featured_media":5719,"template":"","meta":{"_acf_changed":false,"inline_featured_image":false},"online_sale":[58],"product_brand":[],"product_cat":[18],"product_tag":[],"class_list":{"0":"post-6149","1":"product","2":"type-product","3":"status-publish","4":"has-post-thumbnail","6":"online_sale-juillet-2025","7":"product_cat-non-classe","9":"first","10":"instock","11":"shipping-taxable","12":"purchasable","13":"product-type-auction"},"acf":[],"_links":{"self":[{"href":"https:\/\/letempsjadisauction.com\/en\/wp-json\/wp\/v2\/product\/6149","targetHints":{"allow":["GET"]}}],"collection":[{"href":"https:\/\/letempsjadisauction.com\/en\/wp-json\/wp\/v2\/product"}],"about":[{"href":"https:\/\/letempsjadisauction.com\/en\/wp-json\/wp\/v2\/types\/product"}],"wp:featuredmedia":[{"embeddable":true,"href":"https:\/\/letempsjadisauction.com\/en\/wp-json\/wp\/v2\/media\/5719"}],"wp:attachment":[{"href":"https:\/\/letempsjadisauction.com\/en\/wp-json\/wp\/v2\/media?parent=6149"}],"wp:term":[{"taxonomy":"online_sale","embeddable":true,"href":"https:\/\/letempsjadisauction.com\/en\/wp-json\/wp\/v2\/online_sale?post=6149"},{"taxonomy":"product_brand","embeddable":true,"href":"https:\/\/letempsjadisauction.com\/en\/wp-json\/wp\/v2\/product_brand?post=6149"},{"taxonomy":"product_cat","embeddable":true,"href":"https:\/\/letempsjadisauction.com\/en\/wp-json\/wp\/v2\/product_cat?post=6149"},{"taxonomy":"product_tag","embeddable":true,"href":"https:\/\/letempsjadisauction.com\/en\/wp-json\/wp\/v2\/product_tag?post=6149"}],"curies":[{"name":"wp","href":"https:\/\/api.w.org\/{rel}","templated":true}]}}