{"id":6152,"date":"2025-07-16T11:04:10","date_gmt":"2025-07-16T11:04:10","guid":{"rendered":"https:\/\/letempsjadisauction.com\/?post_type=product&#038;p=6152"},"modified":"2025-07-30T10:54:02","modified_gmt":"2025-07-30T10:54:02","slug":"23-presse-papiers-millefiori-rosace-guirlande","status":"publish","type":"product","link":"https:\/\/letempsjadisauction.com\/en\/auction\/23-presse-papiers-millefiori-rosace-guirlande\/","title":{"rendered":"23-Presse-papiers millefiori rosace guirlande"},"content":{"rendered":"<p>Presse-papiers en verre \u00e0 fond bleu fonc\u00e9, orn\u00e9 d\u2019un d\u00e9cor millefiori en rosace florale blanche et rose, entour\u00e9e d\u2019une guirlande de fleurs roses et feuillage vert, deux \u00e9clats, 4,5 x 3 cm<\/p>","protected":false},"excerpt":{"rendered":"<p>Presse-papiers millefiori rosace guirlande<\/p>","protected":false},"featured_media":5724,"template":"","meta":{"_acf_changed":false,"inline_featured_image":false},"online_sale":[58],"product_brand":[],"product_cat":[18],"product_tag":[],"class_list":{"0":"post-6152","1":"product","2":"type-product","3":"status-publish","4":"has-post-thumbnail","6":"online_sale-juillet-2025","7":"product_cat-non-classe","9":"first","10":"outofstock","11":"shipping-taxable","12":"purchasable","13":"product-type-auction"},"acf":[],"_links":{"self":[{"href":"https:\/\/letempsjadisauction.com\/en\/wp-json\/wp\/v2\/product\/6152","targetHints":{"allow":["GET"]}}],"collection":[{"href":"https:\/\/letempsjadisauction.com\/en\/wp-json\/wp\/v2\/product"}],"about":[{"href":"https:\/\/letempsjadisauction.com\/en\/wp-json\/wp\/v2\/types\/product"}],"wp:featuredmedia":[{"embeddable":true,"href":"https:\/\/letempsjadisauction.com\/en\/wp-json\/wp\/v2\/media\/5724"}],"wp:attachment":[{"href":"https:\/\/letempsjadisauction.com\/en\/wp-json\/wp\/v2\/media?parent=6152"}],"wp:term":[{"taxonomy":"online_sale","embeddable":true,"href":"https:\/\/letempsjadisauction.com\/en\/wp-json\/wp\/v2\/online_sale?post=6152"},{"taxonomy":"product_brand","embeddable":true,"href":"https:\/\/letempsjadisauction.com\/en\/wp-json\/wp\/v2\/product_brand?post=6152"},{"taxonomy":"product_cat","embeddable":true,"href":"https:\/\/letempsjadisauction.com\/en\/wp-json\/wp\/v2\/product_cat?post=6152"},{"taxonomy":"product_tag","embeddable":true,"href":"https:\/\/letempsjadisauction.com\/en\/wp-json\/wp\/v2\/product_tag?post=6152"}],"curies":[{"name":"wp","href":"https:\/\/api.w.org\/{rel}","templated":true}]}}