{"id":6153,"date":"2025-07-16T11:04:10","date_gmt":"2025-07-16T11:04:10","guid":{"rendered":"https:\/\/letempsjadisauction.com\/?post_type=product&#038;p=6153"},"modified":"2025-07-16T11:04:10","modified_gmt":"2025-07-16T11:04:10","slug":"24-perthshire-millefiori-dome-floral-1992","status":"publish","type":"product","link":"https:\/\/letempsjadisauction.com\/en\/auction\/24-perthshire-millefiori-dome-floral-1992\/","title":{"rendered":"24-Perthshire \u2013 Millefiori d\u00f4me floral 1992"},"content":{"rendered":"<p>Presse-papiers en verre \u00e0 base noire, orn\u00e9 d\u2019un riche d\u00e9cor millefiori multicolore en d\u00f4me, form\u00e9 de cannes florales vari\u00e9es \u00e0 dominante bleue, verte, rose et jaune,  divers motifs en inclusion, pastille \u00e0 la marque P, pour Perthshire Scotland, 1992, 8 x <\/p>","protected":false},"excerpt":{"rendered":"<p>Perthshire \u2013 Millefiori d\u00f4me floral 1992<\/p>","protected":false},"featured_media":5726,"template":"","meta":{"_acf_changed":false,"inline_featured_image":false},"online_sale":[58],"product_brand":[],"product_cat":[18],"product_tag":[],"class_list":{"0":"post-6153","1":"product","2":"type-product","3":"status-publish","4":"has-post-thumbnail","6":"online_sale-juillet-2025","7":"product_cat-non-classe","9":"first","10":"instock","11":"shipping-taxable","12":"purchasable","13":"product-type-auction"},"acf":[],"_links":{"self":[{"href":"https:\/\/letempsjadisauction.com\/en\/wp-json\/wp\/v2\/product\/6153","targetHints":{"allow":["GET"]}}],"collection":[{"href":"https:\/\/letempsjadisauction.com\/en\/wp-json\/wp\/v2\/product"}],"about":[{"href":"https:\/\/letempsjadisauction.com\/en\/wp-json\/wp\/v2\/types\/product"}],"wp:featuredmedia":[{"embeddable":true,"href":"https:\/\/letempsjadisauction.com\/en\/wp-json\/wp\/v2\/media\/5726"}],"wp:attachment":[{"href":"https:\/\/letempsjadisauction.com\/en\/wp-json\/wp\/v2\/media?parent=6153"}],"wp:term":[{"taxonomy":"online_sale","embeddable":true,"href":"https:\/\/letempsjadisauction.com\/en\/wp-json\/wp\/v2\/online_sale?post=6153"},{"taxonomy":"product_brand","embeddable":true,"href":"https:\/\/letempsjadisauction.com\/en\/wp-json\/wp\/v2\/product_brand?post=6153"},{"taxonomy":"product_cat","embeddable":true,"href":"https:\/\/letempsjadisauction.com\/en\/wp-json\/wp\/v2\/product_cat?post=6153"},{"taxonomy":"product_tag","embeddable":true,"href":"https:\/\/letempsjadisauction.com\/en\/wp-json\/wp\/v2\/product_tag?post=6153"}],"curies":[{"name":"wp","href":"https:\/\/api.w.org\/{rel}","templated":true}]}}