{"id":6155,"date":"2025-07-16T11:04:12","date_gmt":"2025-07-16T11:04:12","guid":{"rendered":"https:\/\/letempsjadisauction.com\/?post_type=product&#038;p=6155"},"modified":"2025-07-30T10:50:06","modified_gmt":"2025-07-30T10:50:06","slug":"26-selkirk-fleur-stylisee-1998","status":"publish","type":"product","link":"https:\/\/letempsjadisauction.com\/en\/auction\/26-selkirk-fleur-stylisee-1998\/","title":{"rendered":"26-Selkirk \u2013 Fleur stylis\u00e9e 1998"},"content":{"rendered":"<p>Presse-papiers en verre souffl\u00e9 \u00e0 d\u00e9cor de fleur rose stylis\u00e9e, enferm\u00e9e dans une sph\u00e8re de verre transparent. La fleur centrale, aux p\u00e9tales rouges et blancs, est cern\u00e9e de petites bulles d&rsquo;air et repose sur un fond anim\u00e9 de volutes bleu-vert et noir, si<\/p>","protected":false},"excerpt":{"rendered":"<p>Selkirk \u2013 Fleur stylis\u00e9e 1998<\/p>","protected":false},"featured_media":5730,"template":"","meta":{"_acf_changed":false,"inline_featured_image":false},"online_sale":[58],"product_brand":[],"product_cat":[18],"product_tag":[],"class_list":{"0":"post-6155","1":"product","2":"type-product","3":"status-publish","4":"has-post-thumbnail","6":"online_sale-juillet-2025","7":"product_cat-non-classe","9":"first","10":"instock","11":"shipping-taxable","12":"purchasable","13":"product-type-auction"},"acf":[],"_links":{"self":[{"href":"https:\/\/letempsjadisauction.com\/en\/wp-json\/wp\/v2\/product\/6155","targetHints":{"allow":["GET"]}}],"collection":[{"href":"https:\/\/letempsjadisauction.com\/en\/wp-json\/wp\/v2\/product"}],"about":[{"href":"https:\/\/letempsjadisauction.com\/en\/wp-json\/wp\/v2\/types\/product"}],"wp:featuredmedia":[{"embeddable":true,"href":"https:\/\/letempsjadisauction.com\/en\/wp-json\/wp\/v2\/media\/5730"}],"wp:attachment":[{"href":"https:\/\/letempsjadisauction.com\/en\/wp-json\/wp\/v2\/media?parent=6155"}],"wp:term":[{"taxonomy":"online_sale","embeddable":true,"href":"https:\/\/letempsjadisauction.com\/en\/wp-json\/wp\/v2\/online_sale?post=6155"},{"taxonomy":"product_brand","embeddable":true,"href":"https:\/\/letempsjadisauction.com\/en\/wp-json\/wp\/v2\/product_brand?post=6155"},{"taxonomy":"product_cat","embeddable":true,"href":"https:\/\/letempsjadisauction.com\/en\/wp-json\/wp\/v2\/product_cat?post=6155"},{"taxonomy":"product_tag","embeddable":true,"href":"https:\/\/letempsjadisauction.com\/en\/wp-json\/wp\/v2\/product_tag?post=6155"}],"curies":[{"name":"wp","href":"https:\/\/api.w.org\/{rel}","templated":true}]}}