{"id":6156,"date":"2025-07-16T11:04:12","date_gmt":"2025-07-16T11:04:12","guid":{"rendered":"https:\/\/letempsjadisauction.com\/?post_type=product&#038;p=6156"},"modified":"2025-07-30T05:23:18","modified_gmt":"2025-07-30T05:23:18","slug":"27-presse-papiers-trainees-vertes-roses-jaunes","status":"publish","type":"product","link":"https:\/\/letempsjadisauction.com\/en\/auction\/27-presse-papiers-trainees-vertes-roses-jaunes\/","title":{"rendered":"27-Presse-papiers tra\u00een\u00e9es vertes roses jaunes"},"content":{"rendered":"<p>Presse-papiers en verre clair anim\u00e9 de train\u00e9es vertes, roses et jaunes, 7,5 x 4,5 cm<\/p>","protected":false},"excerpt":{"rendered":"<p>Presse-papiers tra\u00een\u00e9es vertes roses jaunes<\/p>","protected":false},"featured_media":5732,"template":"","meta":{"_acf_changed":false,"inline_featured_image":false},"online_sale":[58],"product_brand":[],"product_cat":[18],"product_tag":[],"class_list":{"0":"post-6156","1":"product","2":"type-product","3":"status-publish","4":"has-post-thumbnail","6":"online_sale-juillet-2025","7":"product_cat-non-classe","9":"first","10":"instock","11":"shipping-taxable","12":"purchasable","13":"product-type-auction"},"acf":[],"_links":{"self":[{"href":"https:\/\/letempsjadisauction.com\/en\/wp-json\/wp\/v2\/product\/6156","targetHints":{"allow":["GET"]}}],"collection":[{"href":"https:\/\/letempsjadisauction.com\/en\/wp-json\/wp\/v2\/product"}],"about":[{"href":"https:\/\/letempsjadisauction.com\/en\/wp-json\/wp\/v2\/types\/product"}],"wp:featuredmedia":[{"embeddable":true,"href":"https:\/\/letempsjadisauction.com\/en\/wp-json\/wp\/v2\/media\/5732"}],"wp:attachment":[{"href":"https:\/\/letempsjadisauction.com\/en\/wp-json\/wp\/v2\/media?parent=6156"}],"wp:term":[{"taxonomy":"online_sale","embeddable":true,"href":"https:\/\/letempsjadisauction.com\/en\/wp-json\/wp\/v2\/online_sale?post=6156"},{"taxonomy":"product_brand","embeddable":true,"href":"https:\/\/letempsjadisauction.com\/en\/wp-json\/wp\/v2\/product_brand?post=6156"},{"taxonomy":"product_cat","embeddable":true,"href":"https:\/\/letempsjadisauction.com\/en\/wp-json\/wp\/v2\/product_cat?post=6156"},{"taxonomy":"product_tag","embeddable":true,"href":"https:\/\/letempsjadisauction.com\/en\/wp-json\/wp\/v2\/product_tag?post=6156"}],"curies":[{"name":"wp","href":"https:\/\/api.w.org\/{rel}","templated":true}]}}