{"id":6158,"date":"2025-07-16T11:04:11","date_gmt":"2025-07-16T11:04:11","guid":{"rendered":"https:\/\/letempsjadisauction.com\/?post_type=product&#038;p=6158"},"modified":"2025-07-30T10:56:04","modified_gmt":"2025-07-30T10:56:04","slug":"29-presse-papiers-bulles-en-reseau","status":"publish","type":"product","link":"https:\/\/letempsjadisauction.com\/en\/auction\/29-presse-papiers-bulles-en-reseau\/","title":{"rendered":"29-Presse-papiers bulles en r\u00e9seau"},"content":{"rendered":"<p>Presse-papiers sph\u00e9rique en verre clair, anim\u00e9 d\u2019un r\u00e9seau de bulles d\u2019air suspendues, 7 x 9 cm<\/p>","protected":false},"excerpt":{"rendered":"<p>Presse-papiers bulles en r\u00e9seau<\/p>","protected":false},"featured_media":5736,"template":"","meta":{"_acf_changed":false,"inline_featured_image":false},"online_sale":[58],"product_brand":[],"product_cat":[18],"product_tag":[],"class_list":{"0":"post-6158","1":"product","2":"type-product","3":"status-publish","4":"has-post-thumbnail","6":"online_sale-juillet-2025","7":"product_cat-non-classe","9":"first","10":"instock","11":"shipping-taxable","12":"purchasable","13":"product-type-auction"},"acf":[],"_links":{"self":[{"href":"https:\/\/letempsjadisauction.com\/en\/wp-json\/wp\/v2\/product\/6158","targetHints":{"allow":["GET"]}}],"collection":[{"href":"https:\/\/letempsjadisauction.com\/en\/wp-json\/wp\/v2\/product"}],"about":[{"href":"https:\/\/letempsjadisauction.com\/en\/wp-json\/wp\/v2\/types\/product"}],"wp:featuredmedia":[{"embeddable":true,"href":"https:\/\/letempsjadisauction.com\/en\/wp-json\/wp\/v2\/media\/5736"}],"wp:attachment":[{"href":"https:\/\/letempsjadisauction.com\/en\/wp-json\/wp\/v2\/media?parent=6158"}],"wp:term":[{"taxonomy":"online_sale","embeddable":true,"href":"https:\/\/letempsjadisauction.com\/en\/wp-json\/wp\/v2\/online_sale?post=6158"},{"taxonomy":"product_brand","embeddable":true,"href":"https:\/\/letempsjadisauction.com\/en\/wp-json\/wp\/v2\/product_brand?post=6158"},{"taxonomy":"product_cat","embeddable":true,"href":"https:\/\/letempsjadisauction.com\/en\/wp-json\/wp\/v2\/product_cat?post=6158"},{"taxonomy":"product_tag","embeddable":true,"href":"https:\/\/letempsjadisauction.com\/en\/wp-json\/wp\/v2\/product_tag?post=6158"}],"curies":[{"name":"wp","href":"https:\/\/api.w.org\/{rel}","templated":true}]}}