{"id":6164,"date":"2025-07-16T11:04:14","date_gmt":"2025-07-16T11:04:14","guid":{"rendered":"https:\/\/letempsjadisauction.com\/?post_type=product&#038;p=6164"},"modified":"2025-07-16T11:04:14","modified_gmt":"2025-07-16T11:04:14","slug":"35-val-st-lambert-verre-depoli-orange","status":"publish","type":"product","link":"https:\/\/letempsjadisauction.com\/en\/auction\/35-val-st-lambert-verre-depoli-orange\/","title":{"rendered":"35-Val St Lambert \u2013 Verre d\u00e9poli orang\u00e9"},"content":{"rendered":"<p>Presse-papiers en verre d\u00e9poli orang\u00e9, de forme conique arrondie, sign\u00e9 et portant une \u00e9tiquette Val Saint Lambert Belgium d\u00e9pos\u00e9, 6,5 x 4 cm<\/p>","protected":false},"excerpt":{"rendered":"<p>Val St Lambert \u2013 Verre d\u00e9poli orang\u00e9<\/p>","protected":false},"featured_media":5748,"template":"","meta":{"_acf_changed":false,"inline_featured_image":false},"online_sale":[58],"product_brand":[],"product_cat":[18],"product_tag":[],"class_list":{"0":"post-6164","1":"product","2":"type-product","3":"status-publish","4":"has-post-thumbnail","6":"online_sale-juillet-2025","7":"product_cat-non-classe","9":"first","10":"instock","11":"shipping-taxable","12":"purchasable","13":"product-type-auction"},"acf":[],"_links":{"self":[{"href":"https:\/\/letempsjadisauction.com\/en\/wp-json\/wp\/v2\/product\/6164","targetHints":{"allow":["GET"]}}],"collection":[{"href":"https:\/\/letempsjadisauction.com\/en\/wp-json\/wp\/v2\/product"}],"about":[{"href":"https:\/\/letempsjadisauction.com\/en\/wp-json\/wp\/v2\/types\/product"}],"wp:featuredmedia":[{"embeddable":true,"href":"https:\/\/letempsjadisauction.com\/en\/wp-json\/wp\/v2\/media\/5748"}],"wp:attachment":[{"href":"https:\/\/letempsjadisauction.com\/en\/wp-json\/wp\/v2\/media?parent=6164"}],"wp:term":[{"taxonomy":"online_sale","embeddable":true,"href":"https:\/\/letempsjadisauction.com\/en\/wp-json\/wp\/v2\/online_sale?post=6164"},{"taxonomy":"product_brand","embeddable":true,"href":"https:\/\/letempsjadisauction.com\/en\/wp-json\/wp\/v2\/product_brand?post=6164"},{"taxonomy":"product_cat","embeddable":true,"href":"https:\/\/letempsjadisauction.com\/en\/wp-json\/wp\/v2\/product_cat?post=6164"},{"taxonomy":"product_tag","embeddable":true,"href":"https:\/\/letempsjadisauction.com\/en\/wp-json\/wp\/v2\/product_tag?post=6164"}],"curies":[{"name":"wp","href":"https:\/\/api.w.org\/{rel}","templated":true}]}}