{"id":6165,"date":"2025-07-16T11:04:13","date_gmt":"2025-07-16T11:04:13","guid":{"rendered":"https:\/\/letempsjadisauction.com\/?post_type=product&#038;p=6165"},"modified":"2025-07-16T11:04:14","modified_gmt":"2025-07-16T11:04:14","slug":"36-presse-papiers-volutes-blanches-jaunes","status":"publish","type":"product","link":"https:\/\/letempsjadisauction.com\/en\/auction\/36-presse-papiers-volutes-blanches-jaunes\/","title":{"rendered":"36-Presse-papiers volutes blanches jaunes"},"content":{"rendered":"<p>Presse-papiers sph\u00e9rique en verre clair, \u00e0 d\u00e9cor en inclusion de volutes blanches et jaunes entourant une forme abstraite, anim\u00e9 de bulles d\u2019air en suspension, signature \u00e0 d\u00e9chiffrer, 1997, 10 x 9 cm<\/p>","protected":false},"excerpt":{"rendered":"<p>Presse-papiers volutes blanches jaunes<\/p>","protected":false},"featured_media":5749,"template":"","meta":{"_acf_changed":false,"inline_featured_image":false},"online_sale":[58],"product_brand":[],"product_cat":[18],"product_tag":[],"class_list":{"0":"post-6165","1":"product","2":"type-product","3":"status-publish","4":"has-post-thumbnail","6":"online_sale-juillet-2025","7":"product_cat-non-classe","9":"first","10":"instock","11":"shipping-taxable","12":"purchasable","13":"product-type-auction"},"acf":[],"_links":{"self":[{"href":"https:\/\/letempsjadisauction.com\/en\/wp-json\/wp\/v2\/product\/6165","targetHints":{"allow":["GET"]}}],"collection":[{"href":"https:\/\/letempsjadisauction.com\/en\/wp-json\/wp\/v2\/product"}],"about":[{"href":"https:\/\/letempsjadisauction.com\/en\/wp-json\/wp\/v2\/types\/product"}],"wp:featuredmedia":[{"embeddable":true,"href":"https:\/\/letempsjadisauction.com\/en\/wp-json\/wp\/v2\/media\/5749"}],"wp:attachment":[{"href":"https:\/\/letempsjadisauction.com\/en\/wp-json\/wp\/v2\/media?parent=6165"}],"wp:term":[{"taxonomy":"online_sale","embeddable":true,"href":"https:\/\/letempsjadisauction.com\/en\/wp-json\/wp\/v2\/online_sale?post=6165"},{"taxonomy":"product_brand","embeddable":true,"href":"https:\/\/letempsjadisauction.com\/en\/wp-json\/wp\/v2\/product_brand?post=6165"},{"taxonomy":"product_cat","embeddable":true,"href":"https:\/\/letempsjadisauction.com\/en\/wp-json\/wp\/v2\/product_cat?post=6165"},{"taxonomy":"product_tag","embeddable":true,"href":"https:\/\/letempsjadisauction.com\/en\/wp-json\/wp\/v2\/product_tag?post=6165"}],"curies":[{"name":"wp","href":"https:\/\/api.w.org\/{rel}","templated":true}]}}