{"id":6167,"date":"2025-07-16T11:04:13","date_gmt":"2025-07-16T11:04:13","guid":{"rendered":"https:\/\/letempsjadisauction.com\/?post_type=product&#038;p=6167"},"modified":"2025-07-23T18:08:53","modified_gmt":"2025-07-23T18:08:53","slug":"38-caithness-the-last-world","status":"publish","type":"product","link":"https:\/\/letempsjadisauction.com\/en\/auction\/38-caithness-the-last-world\/","title":{"rendered":"38-Caithness \u2013 The Last World"},"content":{"rendered":"<p>Presse-papiers en verre \u00e9pais de forme oblongue taill\u00e9e en facettes, renfermant une inclusion stylis\u00e9e \u00e9voquant une fleur aux teintes vert \u00e9meraude, turquoise, blanche et jaune, sign\u00e9 Caithness the last world scotland, 62\/350, 8 x 9 cm<\/p>","protected":false},"excerpt":{"rendered":"<p>Caithness \u2013 The Last World<\/p>","protected":false},"featured_media":5751,"template":"","meta":{"_acf_changed":false,"inline_featured_image":false},"online_sale":[58],"product_brand":[],"product_cat":[18],"product_tag":[],"class_list":{"0":"post-6167","1":"product","2":"type-product","3":"status-publish","4":"has-post-thumbnail","6":"online_sale-juillet-2025","7":"product_cat-non-classe","9":"first","10":"instock","11":"shipping-taxable","12":"purchasable","13":"product-type-auction"},"acf":[],"_links":{"self":[{"href":"https:\/\/letempsjadisauction.com\/en\/wp-json\/wp\/v2\/product\/6167","targetHints":{"allow":["GET"]}}],"collection":[{"href":"https:\/\/letempsjadisauction.com\/en\/wp-json\/wp\/v2\/product"}],"about":[{"href":"https:\/\/letempsjadisauction.com\/en\/wp-json\/wp\/v2\/types\/product"}],"wp:featuredmedia":[{"embeddable":true,"href":"https:\/\/letempsjadisauction.com\/en\/wp-json\/wp\/v2\/media\/5751"}],"wp:attachment":[{"href":"https:\/\/letempsjadisauction.com\/en\/wp-json\/wp\/v2\/media?parent=6167"}],"wp:term":[{"taxonomy":"online_sale","embeddable":true,"href":"https:\/\/letempsjadisauction.com\/en\/wp-json\/wp\/v2\/online_sale?post=6167"},{"taxonomy":"product_brand","embeddable":true,"href":"https:\/\/letempsjadisauction.com\/en\/wp-json\/wp\/v2\/product_brand?post=6167"},{"taxonomy":"product_cat","embeddable":true,"href":"https:\/\/letempsjadisauction.com\/en\/wp-json\/wp\/v2\/product_cat?post=6167"},{"taxonomy":"product_tag","embeddable":true,"href":"https:\/\/letempsjadisauction.com\/en\/wp-json\/wp\/v2\/product_tag?post=6167"}],"curies":[{"name":"wp","href":"https:\/\/api.w.org\/{rel}","templated":true}]}}