{"id":6168,"date":"2025-07-16T11:04:13","date_gmt":"2025-07-16T11:04:13","guid":{"rendered":"https:\/\/letempsjadisauction.com\/?post_type=product&#038;p=6168"},"modified":"2025-07-16T11:04:13","modified_gmt":"2025-07-16T11:04:13","slug":"39-peter-holmes-air","status":"publish","type":"product","link":"https:\/\/letempsjadisauction.com\/en\/auction\/39-peter-holmes-air\/","title":{"rendered":"39-Peter Holmes \u2013 Air"},"content":{"rendered":"<p>Peter Holmes, presse-papiers sph\u00e9rique en verre clair, renfermant une inclusion sombre \u00e0 rehauss\u00e9e de bulles en suspension, sign\u00e9 CT\/PH 1994 Air 518\/1000, pour Caithness Glass\/Peter Holmes, 7 x 5 cm<\/p>","protected":false},"excerpt":{"rendered":"<p>Peter Holmes \u2013 Air<\/p>","protected":false},"featured_media":5752,"template":"","meta":{"_acf_changed":false,"inline_featured_image":false},"online_sale":[58],"product_brand":[],"product_cat":[18],"product_tag":[],"class_list":{"0":"post-6168","1":"product","2":"type-product","3":"status-publish","4":"has-post-thumbnail","6":"online_sale-juillet-2025","7":"product_cat-non-classe","9":"first","10":"instock","11":"shipping-taxable","12":"purchasable","13":"product-type-auction"},"acf":[],"_links":{"self":[{"href":"https:\/\/letempsjadisauction.com\/en\/wp-json\/wp\/v2\/product\/6168","targetHints":{"allow":["GET"]}}],"collection":[{"href":"https:\/\/letempsjadisauction.com\/en\/wp-json\/wp\/v2\/product"}],"about":[{"href":"https:\/\/letempsjadisauction.com\/en\/wp-json\/wp\/v2\/types\/product"}],"wp:featuredmedia":[{"embeddable":true,"href":"https:\/\/letempsjadisauction.com\/en\/wp-json\/wp\/v2\/media\/5752"}],"wp:attachment":[{"href":"https:\/\/letempsjadisauction.com\/en\/wp-json\/wp\/v2\/media?parent=6168"}],"wp:term":[{"taxonomy":"online_sale","embeddable":true,"href":"https:\/\/letempsjadisauction.com\/en\/wp-json\/wp\/v2\/online_sale?post=6168"},{"taxonomy":"product_brand","embeddable":true,"href":"https:\/\/letempsjadisauction.com\/en\/wp-json\/wp\/v2\/product_brand?post=6168"},{"taxonomy":"product_cat","embeddable":true,"href":"https:\/\/letempsjadisauction.com\/en\/wp-json\/wp\/v2\/product_cat?post=6168"},{"taxonomy":"product_tag","embeddable":true,"href":"https:\/\/letempsjadisauction.com\/en\/wp-json\/wp\/v2\/product_tag?post=6168"}],"curies":[{"name":"wp","href":"https:\/\/api.w.org\/{rel}","templated":true}]}}