{"id":6179,"date":"2025-07-16T11:04:30","date_gmt":"2025-07-16T11:04:30","guid":{"rendered":"https:\/\/letempsjadisauction.com\/?post_type=product&#038;p=6179"},"modified":"2025-07-30T11:12:17","modified_gmt":"2025-07-30T11:12:17","slug":"50-val-saint-lambert-presse-papiers-overlay-bleu-a-facettes","status":"publish","type":"product","link":"https:\/\/letempsjadisauction.com\/en\/auction\/50-val-saint-lambert-presse-papiers-overlay-bleu-a-facettes\/","title":{"rendered":"50-Val-Saint-Lambert, presse-papiers overlay bleu \u00e0 facettes"},"content":{"rendered":"<p>Val-Saint-Lambert, presse-papiers en cristal taill\u00e9 overlay bleu, de forme bomb\u00e9e, taill\u00e9 dans une couche de cristal bleu cobalt sur cristal clair. Le d\u00e9cor rayonnant \u00e0 motifs \u00e9toil\u00e9s et rosettes est  taill\u00e9 en facettes ovales et en \u00e9ventail, grav\u00e9 de l&rsquo;\u00e9<\/p>","protected":false},"excerpt":{"rendered":"<p>Val-Saint-Lambert, presse-papiers overlay bleu \u00e0 facettes<\/p>","protected":false},"featured_media":5770,"template":"","meta":{"_acf_changed":false,"inline_featured_image":false},"online_sale":[58],"product_brand":[],"product_cat":[18],"product_tag":[],"class_list":{"0":"post-6179","1":"product","2":"type-product","3":"status-publish","4":"has-post-thumbnail","6":"online_sale-juillet-2025","7":"product_cat-non-classe","9":"first","10":"instock","11":"shipping-taxable","12":"purchasable","13":"product-type-auction"},"acf":[],"_links":{"self":[{"href":"https:\/\/letempsjadisauction.com\/en\/wp-json\/wp\/v2\/product\/6179","targetHints":{"allow":["GET"]}}],"collection":[{"href":"https:\/\/letempsjadisauction.com\/en\/wp-json\/wp\/v2\/product"}],"about":[{"href":"https:\/\/letempsjadisauction.com\/en\/wp-json\/wp\/v2\/types\/product"}],"wp:featuredmedia":[{"embeddable":true,"href":"https:\/\/letempsjadisauction.com\/en\/wp-json\/wp\/v2\/media\/5770"}],"wp:attachment":[{"href":"https:\/\/letempsjadisauction.com\/en\/wp-json\/wp\/v2\/media?parent=6179"}],"wp:term":[{"taxonomy":"online_sale","embeddable":true,"href":"https:\/\/letempsjadisauction.com\/en\/wp-json\/wp\/v2\/online_sale?post=6179"},{"taxonomy":"product_brand","embeddable":true,"href":"https:\/\/letempsjadisauction.com\/en\/wp-json\/wp\/v2\/product_brand?post=6179"},{"taxonomy":"product_cat","embeddable":true,"href":"https:\/\/letempsjadisauction.com\/en\/wp-json\/wp\/v2\/product_cat?post=6179"},{"taxonomy":"product_tag","embeddable":true,"href":"https:\/\/letempsjadisauction.com\/en\/wp-json\/wp\/v2\/product_tag?post=6179"}],"curies":[{"name":"wp","href":"https:\/\/api.w.org\/{rel}","templated":true}]}}