{"id":6180,"date":"2025-07-16T11:04:30","date_gmt":"2025-07-16T11:04:30","guid":{"rendered":"https:\/\/letempsjadisauction.com\/?post_type=product&#038;p=6180"},"modified":"2025-07-29T19:22:46","modified_gmt":"2025-07-29T19:22:46","slug":"51-perthshire-bouton-millefiori-godronne","status":"publish","type":"product","link":"https:\/\/letempsjadisauction.com\/en\/auction\/51-perthshire-bouton-millefiori-godronne\/","title":{"rendered":"51-Perthshire \u2013 Bouton millefiori godronn\u00e9"},"content":{"rendered":"<p>Bouton de porte en verre millefiori sur monture en laiton aux tonalit\u00e9s vives (vert, blanc, bleu, rose), agenc\u00e9es en rosace. Les parois verticales sont godronn\u00e9e alternant verre transparent et bleu cobalt, pastille \u00e0 la marque P, pour Perthshire Scotland,<\/p>","protected":false},"excerpt":{"rendered":"<p>Perthshire \u2013 Bouton millefiori godronn\u00e9  <\/p>","protected":false},"featured_media":5772,"template":"","meta":{"_acf_changed":false,"inline_featured_image":false},"online_sale":[58],"product_brand":[],"product_cat":[18],"product_tag":[],"class_list":{"0":"post-6180","1":"product","2":"type-product","3":"status-publish","4":"has-post-thumbnail","6":"online_sale-juillet-2025","7":"product_cat-non-classe","9":"first","10":"instock","11":"shipping-taxable","12":"purchasable","13":"product-type-auction"},"acf":[],"_links":{"self":[{"href":"https:\/\/letempsjadisauction.com\/en\/wp-json\/wp\/v2\/product\/6180","targetHints":{"allow":["GET"]}}],"collection":[{"href":"https:\/\/letempsjadisauction.com\/en\/wp-json\/wp\/v2\/product"}],"about":[{"href":"https:\/\/letempsjadisauction.com\/en\/wp-json\/wp\/v2\/types\/product"}],"wp:featuredmedia":[{"embeddable":true,"href":"https:\/\/letempsjadisauction.com\/en\/wp-json\/wp\/v2\/media\/5772"}],"wp:attachment":[{"href":"https:\/\/letempsjadisauction.com\/en\/wp-json\/wp\/v2\/media?parent=6180"}],"wp:term":[{"taxonomy":"online_sale","embeddable":true,"href":"https:\/\/letempsjadisauction.com\/en\/wp-json\/wp\/v2\/online_sale?post=6180"},{"taxonomy":"product_brand","embeddable":true,"href":"https:\/\/letempsjadisauction.com\/en\/wp-json\/wp\/v2\/product_brand?post=6180"},{"taxonomy":"product_cat","embeddable":true,"href":"https:\/\/letempsjadisauction.com\/en\/wp-json\/wp\/v2\/product_cat?post=6180"},{"taxonomy":"product_tag","embeddable":true,"href":"https:\/\/letempsjadisauction.com\/en\/wp-json\/wp\/v2\/product_tag?post=6180"}],"curies":[{"name":"wp","href":"https:\/\/api.w.org\/{rel}","templated":true}]}}