{"id":6181,"date":"2025-07-16T11:04:30","date_gmt":"2025-07-16T11:04:30","guid":{"rendered":"https:\/\/letempsjadisauction.com\/?post_type=product&#038;p=6181"},"modified":"2025-07-29T19:23:12","modified_gmt":"2025-07-29T19:23:12","slug":"52-perthshire-bouton-demi-sphere-fond-bleu","status":"publish","type":"product","link":"https:\/\/letempsjadisauction.com\/en\/auction\/52-perthshire-bouton-demi-sphere-fond-bleu\/","title":{"rendered":"52-Perthshire \u2013 Bouton demi-sph\u00e8re fond bleu"},"content":{"rendered":"<p>Bouton de porte en verre millefiori sur monture en laiton, la partie sup\u00e9rieure en forme de demi-sph\u00e8re renfermant un d\u00e9cor dense de cannes multicolores \u00e0 motifs floraux sur fond bleu, pastille \u00e0 la marque P, pour Perthshire Scotland, 8 x 6 cm<\/p>","protected":false},"excerpt":{"rendered":"<p>Perthshire \u2013 Bouton demi-sph\u00e8re fond bleu  <\/p>","protected":false},"featured_media":5774,"template":"","meta":{"_acf_changed":false,"inline_featured_image":false},"online_sale":[58],"product_brand":[],"product_cat":[18],"product_tag":[],"class_list":{"0":"post-6181","1":"product","2":"type-product","3":"status-publish","4":"has-post-thumbnail","6":"online_sale-juillet-2025","7":"product_cat-non-classe","9":"first","10":"instock","11":"shipping-taxable","12":"purchasable","13":"product-type-auction"},"acf":[],"_links":{"self":[{"href":"https:\/\/letempsjadisauction.com\/en\/wp-json\/wp\/v2\/product\/6181","targetHints":{"allow":["GET"]}}],"collection":[{"href":"https:\/\/letempsjadisauction.com\/en\/wp-json\/wp\/v2\/product"}],"about":[{"href":"https:\/\/letempsjadisauction.com\/en\/wp-json\/wp\/v2\/types\/product"}],"wp:featuredmedia":[{"embeddable":true,"href":"https:\/\/letempsjadisauction.com\/en\/wp-json\/wp\/v2\/media\/5774"}],"wp:attachment":[{"href":"https:\/\/letempsjadisauction.com\/en\/wp-json\/wp\/v2\/media?parent=6181"}],"wp:term":[{"taxonomy":"online_sale","embeddable":true,"href":"https:\/\/letempsjadisauction.com\/en\/wp-json\/wp\/v2\/online_sale?post=6181"},{"taxonomy":"product_brand","embeddable":true,"href":"https:\/\/letempsjadisauction.com\/en\/wp-json\/wp\/v2\/product_brand?post=6181"},{"taxonomy":"product_cat","embeddable":true,"href":"https:\/\/letempsjadisauction.com\/en\/wp-json\/wp\/v2\/product_cat?post=6181"},{"taxonomy":"product_tag","embeddable":true,"href":"https:\/\/letempsjadisauction.com\/en\/wp-json\/wp\/v2\/product_tag?post=6181"}],"curies":[{"name":"wp","href":"https:\/\/api.w.org\/{rel}","templated":true}]}}