{"id":6184,"date":"2025-07-16T11:04:33","date_gmt":"2025-07-16T11:04:33","guid":{"rendered":"https:\/\/letempsjadisauction.com\/?post_type=product&#038;p=6184"},"modified":"2025-07-16T11:04:33","modified_gmt":"2025-07-16T11:04:33","slug":"55-sculpture-oiseau-stylise-bleu-cobalt","status":"publish","type":"product","link":"https:\/\/letempsjadisauction.com\/en\/auction\/55-sculpture-oiseau-stylise-bleu-cobalt\/","title":{"rendered":"55-Sculpture oiseau stylis\u00e9 bleu cobalt"},"content":{"rendered":"<p>Presse-papiers\/sculpture d\u00e9corative en verre souffl\u00e9 repr\u00e9sentant un oiseau stylis\u00e9, en verre bleu cobalt et transparent. 19 x 7,5 cm<\/p>","protected":false},"excerpt":{"rendered":"<p>Sculpture oiseau stylis\u00e9 bleu cobalt  <\/p>","protected":false},"featured_media":5781,"template":"","meta":{"_acf_changed":false,"inline_featured_image":false},"online_sale":[58],"product_brand":[],"product_cat":[18],"product_tag":[],"class_list":{"0":"post-6184","1":"product","2":"type-product","3":"status-publish","4":"has-post-thumbnail","6":"online_sale-juillet-2025","7":"product_cat-non-classe","9":"first","10":"instock","11":"shipping-taxable","12":"purchasable","13":"product-type-auction"},"acf":[],"_links":{"self":[{"href":"https:\/\/letempsjadisauction.com\/en\/wp-json\/wp\/v2\/product\/6184","targetHints":{"allow":["GET"]}}],"collection":[{"href":"https:\/\/letempsjadisauction.com\/en\/wp-json\/wp\/v2\/product"}],"about":[{"href":"https:\/\/letempsjadisauction.com\/en\/wp-json\/wp\/v2\/types\/product"}],"wp:featuredmedia":[{"embeddable":true,"href":"https:\/\/letempsjadisauction.com\/en\/wp-json\/wp\/v2\/media\/5781"}],"wp:attachment":[{"href":"https:\/\/letempsjadisauction.com\/en\/wp-json\/wp\/v2\/media?parent=6184"}],"wp:term":[{"taxonomy":"online_sale","embeddable":true,"href":"https:\/\/letempsjadisauction.com\/en\/wp-json\/wp\/v2\/online_sale?post=6184"},{"taxonomy":"product_brand","embeddable":true,"href":"https:\/\/letempsjadisauction.com\/en\/wp-json\/wp\/v2\/product_brand?post=6184"},{"taxonomy":"product_cat","embeddable":true,"href":"https:\/\/letempsjadisauction.com\/en\/wp-json\/wp\/v2\/product_cat?post=6184"},{"taxonomy":"product_tag","embeddable":true,"href":"https:\/\/letempsjadisauction.com\/en\/wp-json\/wp\/v2\/product_tag?post=6184"}],"curies":[{"name":"wp","href":"https:\/\/api.w.org\/{rel}","templated":true}]}}