{"id":6185,"date":"2025-07-16T11:04:33","date_gmt":"2025-07-16T11:04:33","guid":{"rendered":"https:\/\/letempsjadisauction.com\/?post_type=product&#038;p=6185"},"modified":"2025-07-16T11:04:33","modified_gmt":"2025-07-16T11:04:33","slug":"56-murano-banc-de-poissons-rouges-et-blancs","status":"publish","type":"product","link":"https:\/\/letempsjadisauction.com\/en\/auction\/56-murano-banc-de-poissons-rouges-et-blancs\/","title":{"rendered":"56-Murano \u2013 Banc de poissons rouges et blancs"},"content":{"rendered":"<p>Murano, presse-papiers en verre transparent \u00e0 d\u00e9cor interne repr\u00e9sentant un banc de poissons rouges et blancs nageant autour d\u2019un r\u00e9cif bleu 12 x 12 x 5 cm<\/p>","protected":false},"excerpt":{"rendered":"<p>Murano \u2013 Banc de poissons rouges et blancs  <\/p>","protected":false},"featured_media":5783,"template":"","meta":{"_acf_changed":false,"inline_featured_image":false},"online_sale":[58],"product_brand":[],"product_cat":[18],"product_tag":[],"class_list":{"0":"post-6185","1":"product","2":"type-product","3":"status-publish","4":"has-post-thumbnail","6":"online_sale-juillet-2025","7":"product_cat-non-classe","9":"first","10":"instock","11":"shipping-taxable","12":"purchasable","13":"product-type-auction"},"acf":[],"_links":{"self":[{"href":"https:\/\/letempsjadisauction.com\/en\/wp-json\/wp\/v2\/product\/6185","targetHints":{"allow":["GET"]}}],"collection":[{"href":"https:\/\/letempsjadisauction.com\/en\/wp-json\/wp\/v2\/product"}],"about":[{"href":"https:\/\/letempsjadisauction.com\/en\/wp-json\/wp\/v2\/types\/product"}],"wp:featuredmedia":[{"embeddable":true,"href":"https:\/\/letempsjadisauction.com\/en\/wp-json\/wp\/v2\/media\/5783"}],"wp:attachment":[{"href":"https:\/\/letempsjadisauction.com\/en\/wp-json\/wp\/v2\/media?parent=6185"}],"wp:term":[{"taxonomy":"online_sale","embeddable":true,"href":"https:\/\/letempsjadisauction.com\/en\/wp-json\/wp\/v2\/online_sale?post=6185"},{"taxonomy":"product_brand","embeddable":true,"href":"https:\/\/letempsjadisauction.com\/en\/wp-json\/wp\/v2\/product_brand?post=6185"},{"taxonomy":"product_cat","embeddable":true,"href":"https:\/\/letempsjadisauction.com\/en\/wp-json\/wp\/v2\/product_cat?post=6185"},{"taxonomy":"product_tag","embeddable":true,"href":"https:\/\/letempsjadisauction.com\/en\/wp-json\/wp\/v2\/product_tag?post=6185"}],"curies":[{"name":"wp","href":"https:\/\/api.w.org\/{rel}","templated":true}]}}