{"id":6186,"date":"2025-07-16T11:04:33","date_gmt":"2025-07-16T11:04:33","guid":{"rendered":"https:\/\/letempsjadisauction.com\/?post_type=product&#038;p=6186"},"modified":"2025-07-16T11:04:33","modified_gmt":"2025-07-16T11:04:33","slug":"57-val-st-lambert-oeuf-cristal-taille-violet","status":"publish","type":"product","link":"https:\/\/letempsjadisauction.com\/en\/auction\/57-val-st-lambert-oeuf-cristal-taille-violet\/","title":{"rendered":"57-Val St Lambert \u2013 \u0152uf cristal taill\u00e9 violet"},"content":{"rendered":"<p>Val-Saint-Lambert, presse-papiers en forme d&rsquo;\u0153uf en cristal taill\u00e9 \u00e0 d\u00e9cor crois\u00e9, rehauss\u00e9 d\u2019un ton violet translucide 9 x 6 cm<\/p>","protected":false},"excerpt":{"rendered":"<p>Val St Lambert \u2013 \u0152uf cristal taill\u00e9 violet  <\/p>","protected":false},"featured_media":5785,"template":"","meta":{"_acf_changed":false,"inline_featured_image":false},"online_sale":[58],"product_brand":[],"product_cat":[18],"product_tag":[],"class_list":{"0":"post-6186","1":"product","2":"type-product","3":"status-publish","4":"has-post-thumbnail","6":"online_sale-juillet-2025","7":"product_cat-non-classe","9":"first","10":"instock","11":"shipping-taxable","12":"purchasable","13":"product-type-auction"},"acf":[],"_links":{"self":[{"href":"https:\/\/letempsjadisauction.com\/en\/wp-json\/wp\/v2\/product\/6186","targetHints":{"allow":["GET"]}}],"collection":[{"href":"https:\/\/letempsjadisauction.com\/en\/wp-json\/wp\/v2\/product"}],"about":[{"href":"https:\/\/letempsjadisauction.com\/en\/wp-json\/wp\/v2\/types\/product"}],"wp:featuredmedia":[{"embeddable":true,"href":"https:\/\/letempsjadisauction.com\/en\/wp-json\/wp\/v2\/media\/5785"}],"wp:attachment":[{"href":"https:\/\/letempsjadisauction.com\/en\/wp-json\/wp\/v2\/media?parent=6186"}],"wp:term":[{"taxonomy":"online_sale","embeddable":true,"href":"https:\/\/letempsjadisauction.com\/en\/wp-json\/wp\/v2\/online_sale?post=6186"},{"taxonomy":"product_brand","embeddable":true,"href":"https:\/\/letempsjadisauction.com\/en\/wp-json\/wp\/v2\/product_brand?post=6186"},{"taxonomy":"product_cat","embeddable":true,"href":"https:\/\/letempsjadisauction.com\/en\/wp-json\/wp\/v2\/product_cat?post=6186"},{"taxonomy":"product_tag","embeddable":true,"href":"https:\/\/letempsjadisauction.com\/en\/wp-json\/wp\/v2\/product_tag?post=6186"}],"curies":[{"name":"wp","href":"https:\/\/api.w.org\/{rel}","templated":true}]}}