{"id":6190,"date":"2025-07-16T11:04:33","date_gmt":"2025-07-16T11:04:33","guid":{"rendered":"https:\/\/letempsjadisauction.com\/?post_type=product&#038;p=6190"},"modified":"2025-07-25T11:49:36","modified_gmt":"2025-07-25T11:49:36","slug":"61-henri-de-miller-main-ouverte","status":"publish","type":"product","link":"https:\/\/letempsjadisauction.com\/en\/auction\/61-henri-de-miller-main-ouverte\/","title":{"rendered":"61-Henri de Miller \u2013 Main ouverte"},"content":{"rendered":"<p>Henri de Miller, Val-Saint-Lambert, presse-papiers en forme de main ouverte (Hand Van Antwerpen), en verre opalin bleu cobalt, \u00e0 surface satin\u00e9e. \u00c9tiquette Val Saint Lambert, exemplaire 602\/1000, 8 x 4,5 x 3 cm<\/p>","protected":false},"excerpt":{"rendered":"<p>Henri de Miller \u2013 Main ouverte  <\/p>","protected":false},"featured_media":5790,"template":"","meta":{"_acf_changed":false,"inline_featured_image":false},"online_sale":[58],"product_brand":[],"product_cat":[18],"product_tag":[],"class_list":{"0":"post-6190","1":"product","2":"type-product","3":"status-publish","4":"has-post-thumbnail","6":"online_sale-juillet-2025","7":"product_cat-non-classe","9":"first","10":"instock","11":"shipping-taxable","12":"purchasable","13":"product-type-auction"},"acf":[],"_links":{"self":[{"href":"https:\/\/letempsjadisauction.com\/en\/wp-json\/wp\/v2\/product\/6190","targetHints":{"allow":["GET"]}}],"collection":[{"href":"https:\/\/letempsjadisauction.com\/en\/wp-json\/wp\/v2\/product"}],"about":[{"href":"https:\/\/letempsjadisauction.com\/en\/wp-json\/wp\/v2\/types\/product"}],"wp:featuredmedia":[{"embeddable":true,"href":"https:\/\/letempsjadisauction.com\/en\/wp-json\/wp\/v2\/media\/5790"}],"wp:attachment":[{"href":"https:\/\/letempsjadisauction.com\/en\/wp-json\/wp\/v2\/media?parent=6190"}],"wp:term":[{"taxonomy":"online_sale","embeddable":true,"href":"https:\/\/letempsjadisauction.com\/en\/wp-json\/wp\/v2\/online_sale?post=6190"},{"taxonomy":"product_brand","embeddable":true,"href":"https:\/\/letempsjadisauction.com\/en\/wp-json\/wp\/v2\/product_brand?post=6190"},{"taxonomy":"product_cat","embeddable":true,"href":"https:\/\/letempsjadisauction.com\/en\/wp-json\/wp\/v2\/product_cat?post=6190"},{"taxonomy":"product_tag","embeddable":true,"href":"https:\/\/letempsjadisauction.com\/en\/wp-json\/wp\/v2\/product_tag?post=6190"}],"curies":[{"name":"wp","href":"https:\/\/api.w.org\/{rel}","templated":true}]}}