{"id":6191,"date":"2025-07-16T11:04:49","date_gmt":"2025-07-16T11:04:49","guid":{"rendered":"https:\/\/letempsjadisauction.com\/?post_type=product&#038;p=6191"},"modified":"2025-07-25T09:41:10","modified_gmt":"2025-07-25T09:41:10","slug":"62-swarovski-presse-papiers-oeil-stylise","status":"publish","type":"product","link":"https:\/\/letempsjadisauction.com\/en\/auction\/62-swarovski-presse-papiers-oeil-stylise\/","title":{"rendered":"62-Swarovski \u2013 Presse-papiers \u0153il stylis\u00e9"},"content":{"rendered":"<p>Presse-papiers en cristal taill\u00e9, mont\u00e9 sur un pi\u00e9douche facett\u00e9. Le centre pr\u00e9sente un motif d&rsquo;\u0153il stylis\u00e9 \u00e0 fond jaune et cerclage bleu. Travail Swarovski, XXe-XXIe si\u00e8cle. 4,5 x 3 cm<\/p>","protected":false},"excerpt":{"rendered":"<p>Swarovski \u2013 Presse-papiers \u0153il stylis\u00e9  <\/p>","protected":false},"featured_media":5792,"template":"","meta":{"_acf_changed":false,"inline_featured_image":false},"online_sale":[58],"product_brand":[],"product_cat":[18],"product_tag":[],"class_list":{"0":"post-6191","1":"product","2":"type-product","3":"status-publish","4":"has-post-thumbnail","6":"online_sale-juillet-2025","7":"product_cat-non-classe","9":"first","10":"instock","11":"shipping-taxable","12":"purchasable","13":"product-type-auction"},"acf":[],"_links":{"self":[{"href":"https:\/\/letempsjadisauction.com\/en\/wp-json\/wp\/v2\/product\/6191","targetHints":{"allow":["GET"]}}],"collection":[{"href":"https:\/\/letempsjadisauction.com\/en\/wp-json\/wp\/v2\/product"}],"about":[{"href":"https:\/\/letempsjadisauction.com\/en\/wp-json\/wp\/v2\/types\/product"}],"wp:featuredmedia":[{"embeddable":true,"href":"https:\/\/letempsjadisauction.com\/en\/wp-json\/wp\/v2\/media\/5792"}],"wp:attachment":[{"href":"https:\/\/letempsjadisauction.com\/en\/wp-json\/wp\/v2\/media?parent=6191"}],"wp:term":[{"taxonomy":"online_sale","embeddable":true,"href":"https:\/\/letempsjadisauction.com\/en\/wp-json\/wp\/v2\/online_sale?post=6191"},{"taxonomy":"product_brand","embeddable":true,"href":"https:\/\/letempsjadisauction.com\/en\/wp-json\/wp\/v2\/product_brand?post=6191"},{"taxonomy":"product_cat","embeddable":true,"href":"https:\/\/letempsjadisauction.com\/en\/wp-json\/wp\/v2\/product_cat?post=6191"},{"taxonomy":"product_tag","embeddable":true,"href":"https:\/\/letempsjadisauction.com\/en\/wp-json\/wp\/v2\/product_tag?post=6191"}],"curies":[{"name":"wp","href":"https:\/\/api.w.org\/{rel}","templated":true}]}}