{"id":6192,"date":"2025-07-16T11:04:50","date_gmt":"2025-07-16T11:04:50","guid":{"rendered":"https:\/\/letempsjadisauction.com\/?post_type=product&#038;p=6192"},"modified":"2025-07-16T11:04:50","modified_gmt":"2025-07-16T11:04:50","slug":"63-swarovski-presse-papiers-logo-cygne","status":"publish","type":"product","link":"https:\/\/letempsjadisauction.com\/en\/auction\/63-swarovski-presse-papiers-logo-cygne\/","title":{"rendered":"63-Swarovski \u2013 Presse-papiers logo cygne"},"content":{"rendered":"<p>Presse-papiers en cristal incolore taill\u00e9, de forme circulaire aplatie, orn\u00e9 du logo au cygne de la Swarovski Crystal Society (SCS) en inclusion centrale. \u00c9clats prismatiques caract\u00e9ristiques. Travail Swarovski, XXe-XXIe si\u00e8cle. 4 x 3 cm<\/p>","protected":false},"excerpt":{"rendered":"<p>Swarovski \u2013 Presse-papiers logo cygne  <\/p>","protected":false},"featured_media":5793,"template":"","meta":{"_acf_changed":false,"inline_featured_image":false},"online_sale":[58],"product_brand":[],"product_cat":[18],"product_tag":[],"class_list":{"0":"post-6192","1":"product","2":"type-product","3":"status-publish","4":"has-post-thumbnail","6":"online_sale-juillet-2025","7":"product_cat-non-classe","9":"first","10":"instock","11":"shipping-taxable","12":"purchasable","13":"product-type-auction"},"acf":[],"_links":{"self":[{"href":"https:\/\/letempsjadisauction.com\/en\/wp-json\/wp\/v2\/product\/6192","targetHints":{"allow":["GET"]}}],"collection":[{"href":"https:\/\/letempsjadisauction.com\/en\/wp-json\/wp\/v2\/product"}],"about":[{"href":"https:\/\/letempsjadisauction.com\/en\/wp-json\/wp\/v2\/types\/product"}],"wp:featuredmedia":[{"embeddable":true,"href":"https:\/\/letempsjadisauction.com\/en\/wp-json\/wp\/v2\/media\/5793"}],"wp:attachment":[{"href":"https:\/\/letempsjadisauction.com\/en\/wp-json\/wp\/v2\/media?parent=6192"}],"wp:term":[{"taxonomy":"online_sale","embeddable":true,"href":"https:\/\/letempsjadisauction.com\/en\/wp-json\/wp\/v2\/online_sale?post=6192"},{"taxonomy":"product_brand","embeddable":true,"href":"https:\/\/letempsjadisauction.com\/en\/wp-json\/wp\/v2\/product_brand?post=6192"},{"taxonomy":"product_cat","embeddable":true,"href":"https:\/\/letempsjadisauction.com\/en\/wp-json\/wp\/v2\/product_cat?post=6192"},{"taxonomy":"product_tag","embeddable":true,"href":"https:\/\/letempsjadisauction.com\/en\/wp-json\/wp\/v2\/product_tag?post=6192"}],"curies":[{"name":"wp","href":"https:\/\/api.w.org\/{rel}","templated":true}]}}