{"id":6195,"date":"2025-07-16T11:04:52","date_gmt":"2025-07-16T11:04:52","guid":{"rendered":"https:\/\/letempsjadisauction.com\/?post_type=product&#038;p=6195"},"modified":"2025-07-30T12:10:02","modified_gmt":"2025-07-30T12:10:02","slug":"66-sabino-vase-boule-feuillage-ambre","status":"publish","type":"product","link":"https:\/\/letempsjadisauction.com\/en\/auction\/66-sabino-vase-boule-feuillage-ambre\/","title":{"rendered":"66-Sabino \u2013 Vase boule feuillage ambr\u00e9"},"content":{"rendered":"<p>Marius Ernest Sabino (1878-1961), petit vase boule en verre moul\u00e9 ambr\u00e9, \u00e0 d\u00e9cor de feuillage en l\u00e9ger relief. P\u00e9riode Art d\u00e9co, sign\u00e9 Sabino France, 13 x 14 cm, un \u00e9clat au col<\/p>","protected":false},"excerpt":{"rendered":"<p>Sabino \u2013 Vase boule feuillage ambr\u00e9<\/p>","protected":false},"featured_media":5796,"template":"","meta":{"_acf_changed":false,"inline_featured_image":false},"online_sale":[58],"product_brand":[],"product_cat":[18],"product_tag":[],"class_list":{"0":"post-6195","1":"product","2":"type-product","3":"status-publish","4":"has-post-thumbnail","6":"online_sale-juillet-2025","7":"product_cat-non-classe","9":"first","10":"instock","11":"shipping-taxable","12":"purchasable","13":"product-type-auction"},"acf":[],"_links":{"self":[{"href":"https:\/\/letempsjadisauction.com\/en\/wp-json\/wp\/v2\/product\/6195","targetHints":{"allow":["GET"]}}],"collection":[{"href":"https:\/\/letempsjadisauction.com\/en\/wp-json\/wp\/v2\/product"}],"about":[{"href":"https:\/\/letempsjadisauction.com\/en\/wp-json\/wp\/v2\/types\/product"}],"wp:featuredmedia":[{"embeddable":true,"href":"https:\/\/letempsjadisauction.com\/en\/wp-json\/wp\/v2\/media\/5796"}],"wp:attachment":[{"href":"https:\/\/letempsjadisauction.com\/en\/wp-json\/wp\/v2\/media?parent=6195"}],"wp:term":[{"taxonomy":"online_sale","embeddable":true,"href":"https:\/\/letempsjadisauction.com\/en\/wp-json\/wp\/v2\/online_sale?post=6195"},{"taxonomy":"product_brand","embeddable":true,"href":"https:\/\/letempsjadisauction.com\/en\/wp-json\/wp\/v2\/product_brand?post=6195"},{"taxonomy":"product_cat","embeddable":true,"href":"https:\/\/letempsjadisauction.com\/en\/wp-json\/wp\/v2\/product_cat?post=6195"},{"taxonomy":"product_tag","embeddable":true,"href":"https:\/\/letempsjadisauction.com\/en\/wp-json\/wp\/v2\/product_tag?post=6195"}],"curies":[{"name":"wp","href":"https:\/\/api.w.org\/{rel}","templated":true}]}}