{"id":6198,"date":"2025-07-16T11:04:51","date_gmt":"2025-07-16T11:04:51","guid":{"rendered":"https:\/\/letempsjadisauction.com\/?post_type=product&#038;p=6198"},"modified":"2025-07-30T12:16:21","modified_gmt":"2025-07-30T12:16:21","slug":"69-vase-irise-inclusions-filiformes","status":"publish","type":"product","link":"https:\/\/letempsjadisauction.com\/en\/auction\/69-vase-irise-inclusions-filiformes\/","title":{"rendered":"69-Vase iris\u00e9 inclusions filiformes"},"content":{"rendered":"<p>Petit vase en verre souffl\u00e9 iris\u00e9, \u00e0 panse sph\u00e9rique et col \u00e9vas\u00e9, d\u00e9cor\u00e9 d\u2019inclusions filiformes multicolores, sans signature, petit \u00e9clat sous la base, 7 x 6,5 cm<\/p>","protected":false},"excerpt":{"rendered":"<p>Vase iris\u00e9 inclusions filiformes<\/p>","protected":false},"featured_media":5802,"template":"","meta":{"_acf_changed":false,"inline_featured_image":false},"online_sale":[58],"product_brand":[],"product_cat":[18],"product_tag":[],"class_list":{"0":"post-6198","1":"product","2":"type-product","3":"status-publish","4":"has-post-thumbnail","6":"online_sale-juillet-2025","7":"product_cat-non-classe","9":"first","10":"instock","11":"shipping-taxable","12":"purchasable","13":"product-type-auction"},"acf":[],"_links":{"self":[{"href":"https:\/\/letempsjadisauction.com\/en\/wp-json\/wp\/v2\/product\/6198","targetHints":{"allow":["GET"]}}],"collection":[{"href":"https:\/\/letempsjadisauction.com\/en\/wp-json\/wp\/v2\/product"}],"about":[{"href":"https:\/\/letempsjadisauction.com\/en\/wp-json\/wp\/v2\/types\/product"}],"wp:featuredmedia":[{"embeddable":true,"href":"https:\/\/letempsjadisauction.com\/en\/wp-json\/wp\/v2\/media\/5802"}],"wp:attachment":[{"href":"https:\/\/letempsjadisauction.com\/en\/wp-json\/wp\/v2\/media?parent=6198"}],"wp:term":[{"taxonomy":"online_sale","embeddable":true,"href":"https:\/\/letempsjadisauction.com\/en\/wp-json\/wp\/v2\/online_sale?post=6198"},{"taxonomy":"product_brand","embeddable":true,"href":"https:\/\/letempsjadisauction.com\/en\/wp-json\/wp\/v2\/product_brand?post=6198"},{"taxonomy":"product_cat","embeddable":true,"href":"https:\/\/letempsjadisauction.com\/en\/wp-json\/wp\/v2\/product_cat?post=6198"},{"taxonomy":"product_tag","embeddable":true,"href":"https:\/\/letempsjadisauction.com\/en\/wp-json\/wp\/v2\/product_tag?post=6198"}],"curies":[{"name":"wp","href":"https:\/\/api.w.org\/{rel}","templated":true}]}}