{"id":6199,"date":"2025-07-16T11:04:51","date_gmt":"2025-07-16T11:04:51","guid":{"rendered":"https:\/\/letempsjadisauction.com\/?post_type=product&#038;p=6199"},"modified":"2025-07-16T11:04:51","modified_gmt":"2025-07-16T11:04:51","slug":"70-bertil-vallien-vase-tornado-filaments-dores","status":"publish","type":"product","link":"https:\/\/letempsjadisauction.com\/en\/auction\/70-bertil-vallien-vase-tornado-filaments-dores\/","title":{"rendered":"70-Bertil Vallien \u2013 Vase Tornado filaments dor\u00e9s"},"content":{"rendered":"<p>Bertil Vallien (1938-), Kosta Boda, petit vase en verre souffl\u00e9 iris\u00e9, \u00e0 panse globulaire et col \u00e9vas\u00e9, d\u00e9cor\u00e9 de filaments sinueux dor\u00e9s \u00e0 reflets m\u00e9talliques, issu de la s\u00e9rie Tornado,  sign\u00e9 et num\u00e9rot\u00e9 48285, 6 x 6 cm<\/p>","protected":false},"excerpt":{"rendered":"<p>Bertil Vallien \u2013 Vase Tornado filaments dor\u00e9s  <\/p>","protected":false},"featured_media":5803,"template":"","meta":{"_acf_changed":false,"inline_featured_image":false},"online_sale":[58],"product_brand":[],"product_cat":[18],"product_tag":[],"class_list":{"0":"post-6199","1":"product","2":"type-product","3":"status-publish","4":"has-post-thumbnail","6":"online_sale-juillet-2025","7":"product_cat-non-classe","9":"first","10":"instock","11":"shipping-taxable","12":"purchasable","13":"product-type-auction"},"acf":[],"_links":{"self":[{"href":"https:\/\/letempsjadisauction.com\/en\/wp-json\/wp\/v2\/product\/6199","targetHints":{"allow":["GET"]}}],"collection":[{"href":"https:\/\/letempsjadisauction.com\/en\/wp-json\/wp\/v2\/product"}],"about":[{"href":"https:\/\/letempsjadisauction.com\/en\/wp-json\/wp\/v2\/types\/product"}],"wp:featuredmedia":[{"embeddable":true,"href":"https:\/\/letempsjadisauction.com\/en\/wp-json\/wp\/v2\/media\/5803"}],"wp:attachment":[{"href":"https:\/\/letempsjadisauction.com\/en\/wp-json\/wp\/v2\/media?parent=6199"}],"wp:term":[{"taxonomy":"online_sale","embeddable":true,"href":"https:\/\/letempsjadisauction.com\/en\/wp-json\/wp\/v2\/online_sale?post=6199"},{"taxonomy":"product_brand","embeddable":true,"href":"https:\/\/letempsjadisauction.com\/en\/wp-json\/wp\/v2\/product_brand?post=6199"},{"taxonomy":"product_cat","embeddable":true,"href":"https:\/\/letempsjadisauction.com\/en\/wp-json\/wp\/v2\/product_cat?post=6199"},{"taxonomy":"product_tag","embeddable":true,"href":"https:\/\/letempsjadisauction.com\/en\/wp-json\/wp\/v2\/product_tag?post=6199"}],"curies":[{"name":"wp","href":"https:\/\/api.w.org\/{rel}","templated":true}]}}