{"id":6201,"date":"2025-07-16T11:04:50","date_gmt":"2025-07-16T11:04:50","guid":{"rendered":"https:\/\/letempsjadisauction.com\/?post_type=product&#038;p=6201"},"modified":"2025-07-30T10:13:57","modified_gmt":"2025-07-30T10:13:57","slug":"72-louis-leloup-vase-ambre-anses-jaunes","status":"publish","type":"product","link":"https:\/\/letempsjadisauction.com\/en\/auction\/72-louis-leloup-vase-ambre-anses-jaunes\/","title":{"rendered":"72-Louis Leloup \u2013 Vase ambre anses jaunes"},"content":{"rendered":"<p>Louis Leloup (1929-), petit vase en verre souffl\u00e9 iris\u00e9 de teinte ambre, \u00e0 d\u00e9cor ponctu\u00e9 et anses libres appliqu\u00e9es en ruban jaune orang\u00e9, dat\u00e9 1995, 14 x 9 cm<\/p>","protected":false},"excerpt":{"rendered":"<p>Louis Leloup \u2013 Vase ambre anses jaunes  <\/p>","protected":false},"featured_media":5805,"template":"","meta":{"_acf_changed":false,"inline_featured_image":false},"online_sale":[58],"product_brand":[],"product_cat":[18],"product_tag":[],"class_list":{"0":"post-6201","1":"product","2":"type-product","3":"status-publish","4":"has-post-thumbnail","6":"online_sale-juillet-2025","7":"product_cat-non-classe","9":"first","10":"instock","11":"shipping-taxable","12":"purchasable","13":"product-type-auction"},"acf":[],"_links":{"self":[{"href":"https:\/\/letempsjadisauction.com\/en\/wp-json\/wp\/v2\/product\/6201","targetHints":{"allow":["GET"]}}],"collection":[{"href":"https:\/\/letempsjadisauction.com\/en\/wp-json\/wp\/v2\/product"}],"about":[{"href":"https:\/\/letempsjadisauction.com\/en\/wp-json\/wp\/v2\/types\/product"}],"wp:featuredmedia":[{"embeddable":true,"href":"https:\/\/letempsjadisauction.com\/en\/wp-json\/wp\/v2\/media\/5805"}],"wp:attachment":[{"href":"https:\/\/letempsjadisauction.com\/en\/wp-json\/wp\/v2\/media?parent=6201"}],"wp:term":[{"taxonomy":"online_sale","embeddable":true,"href":"https:\/\/letempsjadisauction.com\/en\/wp-json\/wp\/v2\/online_sale?post=6201"},{"taxonomy":"product_brand","embeddable":true,"href":"https:\/\/letempsjadisauction.com\/en\/wp-json\/wp\/v2\/product_brand?post=6201"},{"taxonomy":"product_cat","embeddable":true,"href":"https:\/\/letempsjadisauction.com\/en\/wp-json\/wp\/v2\/product_cat?post=6201"},{"taxonomy":"product_tag","embeddable":true,"href":"https:\/\/letempsjadisauction.com\/en\/wp-json\/wp\/v2\/product_tag?post=6201"}],"curies":[{"name":"wp","href":"https:\/\/api.w.org\/{rel}","templated":true}]}}