{"id":6203,"date":"2025-07-16T11:04:50","date_gmt":"2025-07-16T11:04:50","guid":{"rendered":"https:\/\/letempsjadisauction.com\/?post_type=product&#038;p=6203"},"modified":"2025-07-16T11:04:50","modified_gmt":"2025-07-16T11:04:50","slug":"74-studio-cristal-vase-rubans-torsades-multicolores","status":"publish","type":"product","link":"https:\/\/letempsjadisauction.com\/en\/auction\/74-studio-cristal-vase-rubans-torsades-multicolores\/","title":{"rendered":"74-Studio Cristal \u2013 Vase rubans torsad\u00e9s multicolores"},"content":{"rendered":"<p>Studio Cristal, Val-Saint-Lambert, vase en verre opalin blanc \u00e0 d\u00e9cor de rubans torsad\u00e9s multicolores (bleu, rose, jaune vert), sign\u00e9 Studio Cristal Mai 1995\/134, 18 x 12  cm<\/p>","protected":false},"excerpt":{"rendered":"<p>Studio Cristal \u2013 Vase rubans torsad\u00e9s multicolores  <\/p>","protected":false},"featured_media":5807,"template":"","meta":{"_acf_changed":false,"inline_featured_image":false},"online_sale":[58],"product_brand":[],"product_cat":[18],"product_tag":[],"class_list":{"0":"post-6203","1":"product","2":"type-product","3":"status-publish","4":"has-post-thumbnail","6":"online_sale-juillet-2025","7":"product_cat-non-classe","9":"first","10":"instock","11":"shipping-taxable","12":"purchasable","13":"product-type-auction"},"acf":[],"_links":{"self":[{"href":"https:\/\/letempsjadisauction.com\/en\/wp-json\/wp\/v2\/product\/6203","targetHints":{"allow":["GET"]}}],"collection":[{"href":"https:\/\/letempsjadisauction.com\/en\/wp-json\/wp\/v2\/product"}],"about":[{"href":"https:\/\/letempsjadisauction.com\/en\/wp-json\/wp\/v2\/types\/product"}],"wp:featuredmedia":[{"embeddable":true,"href":"https:\/\/letempsjadisauction.com\/en\/wp-json\/wp\/v2\/media\/5807"}],"wp:attachment":[{"href":"https:\/\/letempsjadisauction.com\/en\/wp-json\/wp\/v2\/media?parent=6203"}],"wp:term":[{"taxonomy":"online_sale","embeddable":true,"href":"https:\/\/letempsjadisauction.com\/en\/wp-json\/wp\/v2\/online_sale?post=6203"},{"taxonomy":"product_brand","embeddable":true,"href":"https:\/\/letempsjadisauction.com\/en\/wp-json\/wp\/v2\/product_brand?post=6203"},{"taxonomy":"product_cat","embeddable":true,"href":"https:\/\/letempsjadisauction.com\/en\/wp-json\/wp\/v2\/product_cat?post=6203"},{"taxonomy":"product_tag","embeddable":true,"href":"https:\/\/letempsjadisauction.com\/en\/wp-json\/wp\/v2\/product_tag?post=6203"}],"curies":[{"name":"wp","href":"https:\/\/api.w.org\/{rel}","templated":true}]}}