{"id":6205,"date":"2025-07-16T11:04:53","date_gmt":"2025-07-16T11:04:53","guid":{"rendered":"https:\/\/letempsjadisauction.com\/?post_type=product&#038;p=6205"},"modified":"2025-07-30T13:20:08","modified_gmt":"2025-07-30T13:20:08","slug":"76-val-st-lambert-luxval-vase-coqueret-bleu","status":"publish","type":"product","link":"https:\/\/letempsjadisauction.com\/en\/auction\/76-val-st-lambert-luxval-vase-coqueret-bleu\/","title":{"rendered":"76-Val St Lambert \/ Luxval \u2013 Vase Coqueret bleu"},"content":{"rendered":"<p>Val-Saint-Lambert\/Luxval, vase boule en verre moul\u00e9-press\u00e9 bleu translucide, mod\u00e8le Coqueret, conception de Charles Graffart et Ren\u00e9 Delvenne pour le catalogue Luxval de 1935, 22 x 14 cm<\/p>","protected":false},"excerpt":{"rendered":"<p>Val St Lambert \/ Luxval \u2013 Vase Coqueret bleu  <\/p>","protected":false},"featured_media":5809,"template":"","meta":{"_acf_changed":false,"inline_featured_image":false},"online_sale":[58],"product_brand":[],"product_cat":[18],"product_tag":[],"class_list":{"0":"post-6205","1":"product","2":"type-product","3":"status-publish","4":"has-post-thumbnail","6":"online_sale-juillet-2025","7":"product_cat-non-classe","9":"first","10":"outofstock","11":"shipping-taxable","12":"purchasable","13":"product-type-auction"},"acf":[],"_links":{"self":[{"href":"https:\/\/letempsjadisauction.com\/en\/wp-json\/wp\/v2\/product\/6205","targetHints":{"allow":["GET"]}}],"collection":[{"href":"https:\/\/letempsjadisauction.com\/en\/wp-json\/wp\/v2\/product"}],"about":[{"href":"https:\/\/letempsjadisauction.com\/en\/wp-json\/wp\/v2\/types\/product"}],"wp:featuredmedia":[{"embeddable":true,"href":"https:\/\/letempsjadisauction.com\/en\/wp-json\/wp\/v2\/media\/5809"}],"wp:attachment":[{"href":"https:\/\/letempsjadisauction.com\/en\/wp-json\/wp\/v2\/media?parent=6205"}],"wp:term":[{"taxonomy":"online_sale","embeddable":true,"href":"https:\/\/letempsjadisauction.com\/en\/wp-json\/wp\/v2\/online_sale?post=6205"},{"taxonomy":"product_brand","embeddable":true,"href":"https:\/\/letempsjadisauction.com\/en\/wp-json\/wp\/v2\/product_brand?post=6205"},{"taxonomy":"product_cat","embeddable":true,"href":"https:\/\/letempsjadisauction.com\/en\/wp-json\/wp\/v2\/product_cat?post=6205"},{"taxonomy":"product_tag","embeddable":true,"href":"https:\/\/letempsjadisauction.com\/en\/wp-json\/wp\/v2\/product_tag?post=6205"}],"curies":[{"name":"wp","href":"https:\/\/api.w.org\/{rel}","templated":true}]}}