{"id":6211,"date":"2025-07-16T11:05:08","date_gmt":"2025-07-16T11:05:08","guid":{"rendered":"https:\/\/letempsjadisauction.com\/?post_type=product&#038;p=6211"},"modified":"2025-07-16T11:05:08","modified_gmt":"2025-07-16T11:05:08","slug":"82-vase-ceramique-fleurs-stylisees","status":"publish","type":"product","link":"https:\/\/letempsjadisauction.com\/en\/auction\/82-vase-ceramique-fleurs-stylisees\/","title":{"rendered":"82-Vase c\u00e9ramique fleurs stylis\u00e9es"},"content":{"rendered":"<p>Petit vase ovo\u00efde en c\u00e9ramique \u00e0 gla\u00e7ure beige mouchet\u00e9e, d\u00e9cor\u00e9 d\u2019un motif floral noir stylis\u00e9. Filets noirs au col, 20 x 9 cm<\/p>","protected":false},"excerpt":{"rendered":"<p>Vase c\u00e9ramique fleurs stylis\u00e9es  <\/p>","protected":false},"featured_media":5819,"template":"","meta":{"_acf_changed":false,"inline_featured_image":false},"online_sale":[58],"product_brand":[],"product_cat":[18],"product_tag":[],"class_list":{"0":"post-6211","1":"product","2":"type-product","3":"status-publish","4":"has-post-thumbnail","6":"online_sale-juillet-2025","7":"product_cat-non-classe","9":"first","10":"instock","11":"shipping-taxable","12":"purchasable","13":"product-type-auction"},"acf":[],"_links":{"self":[{"href":"https:\/\/letempsjadisauction.com\/en\/wp-json\/wp\/v2\/product\/6211","targetHints":{"allow":["GET"]}}],"collection":[{"href":"https:\/\/letempsjadisauction.com\/en\/wp-json\/wp\/v2\/product"}],"about":[{"href":"https:\/\/letempsjadisauction.com\/en\/wp-json\/wp\/v2\/types\/product"}],"wp:featuredmedia":[{"embeddable":true,"href":"https:\/\/letempsjadisauction.com\/en\/wp-json\/wp\/v2\/media\/5819"}],"wp:attachment":[{"href":"https:\/\/letempsjadisauction.com\/en\/wp-json\/wp\/v2\/media?parent=6211"}],"wp:term":[{"taxonomy":"online_sale","embeddable":true,"href":"https:\/\/letempsjadisauction.com\/en\/wp-json\/wp\/v2\/online_sale?post=6211"},{"taxonomy":"product_brand","embeddable":true,"href":"https:\/\/letempsjadisauction.com\/en\/wp-json\/wp\/v2\/product_brand?post=6211"},{"taxonomy":"product_cat","embeddable":true,"href":"https:\/\/letempsjadisauction.com\/en\/wp-json\/wp\/v2\/product_cat?post=6211"},{"taxonomy":"product_tag","embeddable":true,"href":"https:\/\/letempsjadisauction.com\/en\/wp-json\/wp\/v2\/product_tag?post=6211"}],"curies":[{"name":"wp","href":"https:\/\/api.w.org\/{rel}","templated":true}]}}