{"id":6219,"date":"2025-07-16T11:05:09","date_gmt":"2025-07-16T11:05:09","guid":{"rendered":"https:\/\/letempsjadisauction.com\/?post_type=product&#038;p=6219"},"modified":"2025-07-16T11:05:09","modified_gmt":"2025-07-16T11:05:09","slug":"90-val-saint-lambert-carafe-rose-decor-croisillons","status":"publish","type":"product","link":"https:\/\/letempsjadisauction.com\/en\/auction\/90-val-saint-lambert-carafe-rose-decor-croisillons\/","title":{"rendered":"90-Val Saint Lambert \u2013 Carafe rose d\u00e9cor croisillons"},"content":{"rendered":"<p>Val-Saint-Lambert, carafe en cristal rose \u00e0 d\u00e9cor de croisillons et motifs v\u00e9g\u00e9taux, 32 x 12 cm<\/p>","protected":false},"excerpt":{"rendered":"<p>Val Saint Lambert \u2013 Carafe rose d\u00e9cor croisillons  <\/p>","protected":false},"featured_media":5834,"template":"","meta":{"_acf_changed":false,"inline_featured_image":false},"online_sale":[58],"product_brand":[],"product_cat":[18],"product_tag":[],"class_list":{"0":"post-6219","1":"product","2":"type-product","3":"status-publish","4":"has-post-thumbnail","6":"online_sale-juillet-2025","7":"product_cat-non-classe","9":"first","10":"instock","11":"shipping-taxable","12":"purchasable","13":"product-type-auction"},"acf":[],"_links":{"self":[{"href":"https:\/\/letempsjadisauction.com\/en\/wp-json\/wp\/v2\/product\/6219","targetHints":{"allow":["GET"]}}],"collection":[{"href":"https:\/\/letempsjadisauction.com\/en\/wp-json\/wp\/v2\/product"}],"about":[{"href":"https:\/\/letempsjadisauction.com\/en\/wp-json\/wp\/v2\/types\/product"}],"wp:featuredmedia":[{"embeddable":true,"href":"https:\/\/letempsjadisauction.com\/en\/wp-json\/wp\/v2\/media\/5834"}],"wp:attachment":[{"href":"https:\/\/letempsjadisauction.com\/en\/wp-json\/wp\/v2\/media?parent=6219"}],"wp:term":[{"taxonomy":"online_sale","embeddable":true,"href":"https:\/\/letempsjadisauction.com\/en\/wp-json\/wp\/v2\/online_sale?post=6219"},{"taxonomy":"product_brand","embeddable":true,"href":"https:\/\/letempsjadisauction.com\/en\/wp-json\/wp\/v2\/product_brand?post=6219"},{"taxonomy":"product_cat","embeddable":true,"href":"https:\/\/letempsjadisauction.com\/en\/wp-json\/wp\/v2\/product_cat?post=6219"},{"taxonomy":"product_tag","embeddable":true,"href":"https:\/\/letempsjadisauction.com\/en\/wp-json\/wp\/v2\/product_tag?post=6219"}],"curies":[{"name":"wp","href":"https:\/\/api.w.org\/{rel}","templated":true}]}}