{"id":6226,"date":"2025-07-16T11:05:24","date_gmt":"2025-07-16T11:05:24","guid":{"rendered":"https:\/\/letempsjadisauction.com\/?post_type=product&#038;p=6226"},"modified":"2025-07-16T12:42:07","modified_gmt":"2025-07-16T12:42:07","slug":"97-murano-deux-manchots","status":"publish","type":"product","link":"https:\/\/letempsjadisauction.com\/en\/auction\/97-murano-deux-manchots\/","title":{"rendered":"97-Murano \u2013 Trois pingouins"},"content":{"rendered":"<p>Murano, groupe repr\u00e9sentant trois pingouins, verre souffl\u00e9, 20eme si\u00e8cle, 21 x 15 cm.<\/p>","protected":false},"excerpt":{"rendered":"<p>Murano \u2013 Trois pingouins<\/p>","protected":false},"featured_media":5845,"template":"","meta":{"_acf_changed":false,"inline_featured_image":false},"online_sale":[58],"product_brand":[],"product_cat":[18],"product_tag":[],"class_list":{"0":"post-6226","1":"product","2":"type-product","3":"status-publish","4":"has-post-thumbnail","6":"online_sale-juillet-2025","7":"product_cat-non-classe","9":"first","10":"instock","11":"shipping-taxable","12":"purchasable","13":"product-type-auction"},"acf":[],"_links":{"self":[{"href":"https:\/\/letempsjadisauction.com\/en\/wp-json\/wp\/v2\/product\/6226","targetHints":{"allow":["GET"]}}],"collection":[{"href":"https:\/\/letempsjadisauction.com\/en\/wp-json\/wp\/v2\/product"}],"about":[{"href":"https:\/\/letempsjadisauction.com\/en\/wp-json\/wp\/v2\/types\/product"}],"wp:featuredmedia":[{"embeddable":true,"href":"https:\/\/letempsjadisauction.com\/en\/wp-json\/wp\/v2\/media\/5845"}],"wp:attachment":[{"href":"https:\/\/letempsjadisauction.com\/en\/wp-json\/wp\/v2\/media?parent=6226"}],"wp:term":[{"taxonomy":"online_sale","embeddable":true,"href":"https:\/\/letempsjadisauction.com\/en\/wp-json\/wp\/v2\/online_sale?post=6226"},{"taxonomy":"product_brand","embeddable":true,"href":"https:\/\/letempsjadisauction.com\/en\/wp-json\/wp\/v2\/product_brand?post=6226"},{"taxonomy":"product_cat","embeddable":true,"href":"https:\/\/letempsjadisauction.com\/en\/wp-json\/wp\/v2\/product_cat?post=6226"},{"taxonomy":"product_tag","embeddable":true,"href":"https:\/\/letempsjadisauction.com\/en\/wp-json\/wp\/v2\/product_tag?post=6226"}],"curies":[{"name":"wp","href":"https:\/\/api.w.org\/{rel}","templated":true}]}}