{"id":6237,"date":"2025-07-16T11:05:27","date_gmt":"2025-07-16T11:05:27","guid":{"rendered":"https:\/\/letempsjadisauction.com\/?post_type=product&#038;p=6237"},"modified":"2025-07-16T11:05:27","modified_gmt":"2025-07-16T11:05:27","slug":"108-emile-louis-picault-la-reconnaissance-est-la-memoire-du-coeur","status":"publish","type":"product","link":"https:\/\/letempsjadisauction.com\/en\/auction\/108-emile-louis-picault-la-reconnaissance-est-la-memoire-du-coeur\/","title":{"rendered":"108-Emile Louis Picault \u2013 La reconnaissance est la m\u00e9moire du c\u0153ur"},"content":{"rendered":"<p>Emile Louis Picault  (1833-1922), La reconnaissance est la m\u00e9moire du c\u0153ur bronze, H. 48 cm, 53 cm avec socle<\/p>","protected":false},"excerpt":{"rendered":"<p>Emile Louis Picault \u2013 La reconnaissance est la m\u00e9moire du c\u0153ur  <\/p>","protected":false},"featured_media":5866,"template":"","meta":{"_acf_changed":false,"inline_featured_image":false},"online_sale":[58],"product_brand":[],"product_cat":[18],"product_tag":[],"class_list":{"0":"post-6237","1":"product","2":"type-product","3":"status-publish","4":"has-post-thumbnail","6":"online_sale-juillet-2025","7":"product_cat-non-classe","9":"first","10":"instock","11":"shipping-taxable","12":"purchasable","13":"product-type-auction"},"acf":[],"_links":{"self":[{"href":"https:\/\/letempsjadisauction.com\/en\/wp-json\/wp\/v2\/product\/6237","targetHints":{"allow":["GET"]}}],"collection":[{"href":"https:\/\/letempsjadisauction.com\/en\/wp-json\/wp\/v2\/product"}],"about":[{"href":"https:\/\/letempsjadisauction.com\/en\/wp-json\/wp\/v2\/types\/product"}],"wp:featuredmedia":[{"embeddable":true,"href":"https:\/\/letempsjadisauction.com\/en\/wp-json\/wp\/v2\/media\/5866"}],"wp:attachment":[{"href":"https:\/\/letempsjadisauction.com\/en\/wp-json\/wp\/v2\/media?parent=6237"}],"wp:term":[{"taxonomy":"online_sale","embeddable":true,"href":"https:\/\/letempsjadisauction.com\/en\/wp-json\/wp\/v2\/online_sale?post=6237"},{"taxonomy":"product_brand","embeddable":true,"href":"https:\/\/letempsjadisauction.com\/en\/wp-json\/wp\/v2\/product_brand?post=6237"},{"taxonomy":"product_cat","embeddable":true,"href":"https:\/\/letempsjadisauction.com\/en\/wp-json\/wp\/v2\/product_cat?post=6237"},{"taxonomy":"product_tag","embeddable":true,"href":"https:\/\/letempsjadisauction.com\/en\/wp-json\/wp\/v2\/product_tag?post=6237"}],"curies":[{"name":"wp","href":"https:\/\/api.w.org\/{rel}","templated":true}]}}