{"id":6246,"date":"2025-07-16T11:05:28","date_gmt":"2025-07-16T11:05:28","guid":{"rendered":"https:\/\/letempsjadisauction.com\/?post_type=product&#038;p=6246"},"modified":"2025-07-30T13:52:01","modified_gmt":"2025-07-30T13:52:01","slug":"117-leclercq-paire-de-portraits","status":"publish","type":"product","link":"https:\/\/letempsjadisauction.com\/en\/auction\/117-leclercq-paire-de-portraits\/","title":{"rendered":"117-Leclercq \u2013 Paire de portraits"},"content":{"rendered":"<p>Leclercq, paire de portraits, huile sur panneau, sign\u00e9 en bas \u00e0 gauche et dat\u00e9 1850, 13,5 x 16,5 cm et 28 x 30 cm. Cadres stuqu\u00e9s et dor\u00e9s \u00e0 la feuille 19e si\u00e8cle \u00e0 restaurer.<\/p>","protected":false},"excerpt":{"rendered":"<p>Leclercq \u2013 Paire de portraits<\/p>","protected":false},"featured_media":5897,"template":"","meta":{"_acf_changed":false,"inline_featured_image":false},"online_sale":[58],"product_brand":[],"product_cat":[18],"product_tag":[],"class_list":{"0":"post-6246","1":"product","2":"type-product","3":"status-publish","4":"has-post-thumbnail","6":"online_sale-juillet-2025","7":"product_cat-non-classe","9":"first","10":"instock","11":"shipping-taxable","12":"purchasable","13":"product-type-auction"},"acf":[],"_links":{"self":[{"href":"https:\/\/letempsjadisauction.com\/en\/wp-json\/wp\/v2\/product\/6246","targetHints":{"allow":["GET"]}}],"collection":[{"href":"https:\/\/letempsjadisauction.com\/en\/wp-json\/wp\/v2\/product"}],"about":[{"href":"https:\/\/letempsjadisauction.com\/en\/wp-json\/wp\/v2\/types\/product"}],"wp:featuredmedia":[{"embeddable":true,"href":"https:\/\/letempsjadisauction.com\/en\/wp-json\/wp\/v2\/media\/5897"}],"wp:attachment":[{"href":"https:\/\/letempsjadisauction.com\/en\/wp-json\/wp\/v2\/media?parent=6246"}],"wp:term":[{"taxonomy":"online_sale","embeddable":true,"href":"https:\/\/letempsjadisauction.com\/en\/wp-json\/wp\/v2\/online_sale?post=6246"},{"taxonomy":"product_brand","embeddable":true,"href":"https:\/\/letempsjadisauction.com\/en\/wp-json\/wp\/v2\/product_brand?post=6246"},{"taxonomy":"product_cat","embeddable":true,"href":"https:\/\/letempsjadisauction.com\/en\/wp-json\/wp\/v2\/product_cat?post=6246"},{"taxonomy":"product_tag","embeddable":true,"href":"https:\/\/letempsjadisauction.com\/en\/wp-json\/wp\/v2\/product_tag?post=6246"}],"curies":[{"name":"wp","href":"https:\/\/api.w.org\/{rel}","templated":true}]}}