{"id":6253,"date":"2025-07-16T11:05:42","date_gmt":"2025-07-16T11:05:42","guid":{"rendered":"https:\/\/letempsjadisauction.com\/?post_type=product&#038;p=6253"},"modified":"2025-07-30T14:06:01","modified_gmt":"2025-07-30T14:06:01","slug":"124-toussaint-renson-couple-murmurant","status":"publish","type":"product","link":"https:\/\/letempsjadisauction.com\/en\/auction\/124-toussaint-renson-couple-murmurant\/","title":{"rendered":"124-Toussaint Renson \u2013 Couple murmurant"},"content":{"rendered":"<p>Toussaint Renson (1898-1986), couple, l&rsquo;homme murmurant, huile sur panneau, 20e si\u00e8cle, 30 x 40 cm, 48,5 x 58,5 cm avec cadre, sign\u00e9 en bas \u00e0 droite.<\/p>","protected":false},"excerpt":{"rendered":"<p>Toussaint Renson \u2013 Couple murmurant<\/p>","protected":false},"featured_media":5929,"template":"","meta":{"_acf_changed":false,"inline_featured_image":false},"online_sale":[58],"product_brand":[],"product_cat":[18],"product_tag":[],"class_list":{"0":"post-6253","1":"product","2":"type-product","3":"status-publish","4":"has-post-thumbnail","6":"online_sale-juillet-2025","7":"product_cat-non-classe","9":"first","10":"instock","11":"shipping-taxable","12":"purchasable","13":"product-type-auction"},"acf":[],"_links":{"self":[{"href":"https:\/\/letempsjadisauction.com\/en\/wp-json\/wp\/v2\/product\/6253","targetHints":{"allow":["GET"]}}],"collection":[{"href":"https:\/\/letempsjadisauction.com\/en\/wp-json\/wp\/v2\/product"}],"about":[{"href":"https:\/\/letempsjadisauction.com\/en\/wp-json\/wp\/v2\/types\/product"}],"wp:featuredmedia":[{"embeddable":true,"href":"https:\/\/letempsjadisauction.com\/en\/wp-json\/wp\/v2\/media\/5929"}],"wp:attachment":[{"href":"https:\/\/letempsjadisauction.com\/en\/wp-json\/wp\/v2\/media?parent=6253"}],"wp:term":[{"taxonomy":"online_sale","embeddable":true,"href":"https:\/\/letempsjadisauction.com\/en\/wp-json\/wp\/v2\/online_sale?post=6253"},{"taxonomy":"product_brand","embeddable":true,"href":"https:\/\/letempsjadisauction.com\/en\/wp-json\/wp\/v2\/product_brand?post=6253"},{"taxonomy":"product_cat","embeddable":true,"href":"https:\/\/letempsjadisauction.com\/en\/wp-json\/wp\/v2\/product_cat?post=6253"},{"taxonomy":"product_tag","embeddable":true,"href":"https:\/\/letempsjadisauction.com\/en\/wp-json\/wp\/v2\/product_tag?post=6253"}],"curies":[{"name":"wp","href":"https:\/\/api.w.org\/{rel}","templated":true}]}}