{"id":6255,"date":"2025-07-16T11:05:44","date_gmt":"2025-07-16T11:05:44","guid":{"rendered":"https:\/\/letempsjadisauction.com\/?post_type=product&#038;p=6255"},"modified":"2025-07-28T11:16:56","modified_gmt":"2025-07-28T11:16:56","slug":"126-paul-de-vree-hommage-a-fontana","status":"publish","type":"product","link":"https:\/\/letempsjadisauction.com\/en\/auction\/126-paul-de-vree-hommage-a-fontana\/","title":{"rendered":"126-Paul de Vree \u2013 Hommage \u00e0 Fontana"},"content":{"rendered":"<p>Paul de Vree (1909 &#8211; 1982), Hommage \u00e0 Luciano Fontana, s\u00e9rigraphie, 20e si\u00e8cle, 52 x 60  cm, 69 x 77 cm avec cadre, sign\u00e9e et num\u00e9rot\u00e9e 76\/120<\/p>","protected":false},"excerpt":{"rendered":"<p>Paul de Vree \u2013 Hommage \u00e0 Fontana  <\/p>","protected":false},"featured_media":5933,"template":"","meta":{"_acf_changed":false,"inline_featured_image":false},"online_sale":[58],"product_brand":[],"product_cat":[18],"product_tag":[],"class_list":{"0":"post-6255","1":"product","2":"type-product","3":"status-publish","4":"has-post-thumbnail","6":"online_sale-juillet-2025","7":"product_cat-non-classe","9":"first","10":"instock","11":"shipping-taxable","12":"purchasable","13":"product-type-auction"},"acf":[],"_links":{"self":[{"href":"https:\/\/letempsjadisauction.com\/en\/wp-json\/wp\/v2\/product\/6255","targetHints":{"allow":["GET"]}}],"collection":[{"href":"https:\/\/letempsjadisauction.com\/en\/wp-json\/wp\/v2\/product"}],"about":[{"href":"https:\/\/letempsjadisauction.com\/en\/wp-json\/wp\/v2\/types\/product"}],"wp:featuredmedia":[{"embeddable":true,"href":"https:\/\/letempsjadisauction.com\/en\/wp-json\/wp\/v2\/media\/5933"}],"wp:attachment":[{"href":"https:\/\/letempsjadisauction.com\/en\/wp-json\/wp\/v2\/media?parent=6255"}],"wp:term":[{"taxonomy":"online_sale","embeddable":true,"href":"https:\/\/letempsjadisauction.com\/en\/wp-json\/wp\/v2\/online_sale?post=6255"},{"taxonomy":"product_brand","embeddable":true,"href":"https:\/\/letempsjadisauction.com\/en\/wp-json\/wp\/v2\/product_brand?post=6255"},{"taxonomy":"product_cat","embeddable":true,"href":"https:\/\/letempsjadisauction.com\/en\/wp-json\/wp\/v2\/product_cat?post=6255"},{"taxonomy":"product_tag","embeddable":true,"href":"https:\/\/letempsjadisauction.com\/en\/wp-json\/wp\/v2\/product_tag?post=6255"}],"curies":[{"name":"wp","href":"https:\/\/api.w.org\/{rel}","templated":true}]}}