{"id":6256,"date":"2025-07-16T11:05:44","date_gmt":"2025-07-16T11:05:44","guid":{"rendered":"https:\/\/letempsjadisauction.com\/?post_type=product&#038;p=6256"},"modified":"2025-07-30T14:14:42","modified_gmt":"2025-07-30T14:14:42","slug":"127-dessin-pot-de-fleurs-attribue-clemence-biron","status":"publish","type":"product","link":"https:\/\/letempsjadisauction.com\/en\/auction\/127-dessin-pot-de-fleurs-attribue-clemence-biron\/","title":{"rendered":"127-Dessin pot de fleurs, attribu\u00e9 Cl\u00e9mence Biron"},"content":{"rendered":"<p>Anonyme, dessin repr\u00e9sentant un pot de fleurs, des an\u00e9mones, et un chien de F\u00f4, pastels de couleurs, 20e si\u00e8cle, 53 x 46 cm, 66 x 56 cm avec cadre, inscription attribuant l&rsquo;\u0153uvre \u00e0 Cl\u00e9mence Biron , peintre belge133.<\/p>","protected":false},"excerpt":{"rendered":"<p>Dessin pot de fleurs, attribu\u00e9 Cl\u00e9mence Biron<\/p>","protected":false},"featured_media":5936,"template":"","meta":{"_acf_changed":false,"inline_featured_image":false},"online_sale":[58],"product_brand":[],"product_cat":[18],"product_tag":[],"class_list":{"0":"post-6256","1":"product","2":"type-product","3":"status-publish","4":"has-post-thumbnail","6":"online_sale-juillet-2025","7":"product_cat-non-classe","9":"first","10":"instock","11":"shipping-taxable","12":"purchasable","13":"product-type-auction"},"acf":[],"_links":{"self":[{"href":"https:\/\/letempsjadisauction.com\/en\/wp-json\/wp\/v2\/product\/6256","targetHints":{"allow":["GET"]}}],"collection":[{"href":"https:\/\/letempsjadisauction.com\/en\/wp-json\/wp\/v2\/product"}],"about":[{"href":"https:\/\/letempsjadisauction.com\/en\/wp-json\/wp\/v2\/types\/product"}],"wp:featuredmedia":[{"embeddable":true,"href":"https:\/\/letempsjadisauction.com\/en\/wp-json\/wp\/v2\/media\/5936"}],"wp:attachment":[{"href":"https:\/\/letempsjadisauction.com\/en\/wp-json\/wp\/v2\/media?parent=6256"}],"wp:term":[{"taxonomy":"online_sale","embeddable":true,"href":"https:\/\/letempsjadisauction.com\/en\/wp-json\/wp\/v2\/online_sale?post=6256"},{"taxonomy":"product_brand","embeddable":true,"href":"https:\/\/letempsjadisauction.com\/en\/wp-json\/wp\/v2\/product_brand?post=6256"},{"taxonomy":"product_cat","embeddable":true,"href":"https:\/\/letempsjadisauction.com\/en\/wp-json\/wp\/v2\/product_cat?post=6256"},{"taxonomy":"product_tag","embeddable":true,"href":"https:\/\/letempsjadisauction.com\/en\/wp-json\/wp\/v2\/product_tag?post=6256"}],"curies":[{"name":"wp","href":"https:\/\/api.w.org\/{rel}","templated":true}]}}