{"id":6262,"date":"2025-07-16T11:06:04","date_gmt":"2025-07-16T11:06:04","guid":{"rendered":"https:\/\/letempsjadisauction.com\/?post_type=product&#038;p=6262"},"modified":"2025-07-16T11:06:04","modified_gmt":"2025-07-16T11:06:04","slug":"133-modesto-roldan-femme-a-la-tenue-de-perles","status":"publish","type":"product","link":"https:\/\/letempsjadisauction.com\/en\/auction\/133-modesto-roldan-femme-a-la-tenue-de-perles\/","title":{"rendered":"133-Modesto Roldan \u2013 Femme \u00e0 la tenue de perles"},"content":{"rendered":"<p>Modesto Roldan (1926-2014), femme \u00e0 la tenue de perles, technique mixte, sign\u00e9 et dat\u00e9 1980, 23.5 x 34 cm, 39 x 50 cm avec cadre<\/p>","protected":false},"excerpt":{"rendered":"<p>Modesto Roldan \u2013 Femme \u00e0 la tenue de perles  <\/p>","protected":false},"featured_media":5947,"template":"","meta":{"_acf_changed":false,"inline_featured_image":false},"online_sale":[58],"product_brand":[],"product_cat":[18],"product_tag":[],"class_list":{"0":"post-6262","1":"product","2":"type-product","3":"status-publish","4":"has-post-thumbnail","6":"online_sale-juillet-2025","7":"product_cat-non-classe","9":"first","10":"instock","11":"shipping-taxable","12":"purchasable","13":"product-type-auction"},"acf":[],"_links":{"self":[{"href":"https:\/\/letempsjadisauction.com\/en\/wp-json\/wp\/v2\/product\/6262","targetHints":{"allow":["GET"]}}],"collection":[{"href":"https:\/\/letempsjadisauction.com\/en\/wp-json\/wp\/v2\/product"}],"about":[{"href":"https:\/\/letempsjadisauction.com\/en\/wp-json\/wp\/v2\/types\/product"}],"wp:featuredmedia":[{"embeddable":true,"href":"https:\/\/letempsjadisauction.com\/en\/wp-json\/wp\/v2\/media\/5947"}],"wp:attachment":[{"href":"https:\/\/letempsjadisauction.com\/en\/wp-json\/wp\/v2\/media?parent=6262"}],"wp:term":[{"taxonomy":"online_sale","embeddable":true,"href":"https:\/\/letempsjadisauction.com\/en\/wp-json\/wp\/v2\/online_sale?post=6262"},{"taxonomy":"product_brand","embeddable":true,"href":"https:\/\/letempsjadisauction.com\/en\/wp-json\/wp\/v2\/product_brand?post=6262"},{"taxonomy":"product_cat","embeddable":true,"href":"https:\/\/letempsjadisauction.com\/en\/wp-json\/wp\/v2\/product_cat?post=6262"},{"taxonomy":"product_tag","embeddable":true,"href":"https:\/\/letempsjadisauction.com\/en\/wp-json\/wp\/v2\/product_tag?post=6262"}],"curies":[{"name":"wp","href":"https:\/\/api.w.org\/{rel}","templated":true}]}}