{"id":6273,"date":"2025-07-16T11:06:06","date_gmt":"2025-07-16T11:06:06","guid":{"rendered":"https:\/\/letempsjadisauction.com\/?post_type=product&#038;p=6273"},"modified":"2025-07-30T14:46:02","modified_gmt":"2025-07-30T14:46:02","slug":"144-longwy-grand-plat-oval","status":"publish","type":"product","link":"https:\/\/letempsjadisauction.com\/en\/auction\/144-longwy-grand-plat-oval\/","title":{"rendered":"144-Longwy \u2013 Grand plat oval et plateau carr\u00e9"},"content":{"rendered":"<p>Longwy, grand plat oval et plateau carr\u00e9, \u00e9maux cloisonn\u00e9s sur fa\u00efence, 31,5 cm, 21,5 \u00d7 21,5 cm, un \u00e9clat recoll\u00e9 au plat oval<\/p>","protected":false},"excerpt":{"rendered":"<p>Longwy \u2013 Grand plat oval et plateau carr\u00e9<\/p>","protected":false},"featured_media":5960,"template":"","meta":{"_acf_changed":false,"inline_featured_image":false},"online_sale":[58],"product_brand":[],"product_cat":[18],"product_tag":[],"class_list":{"0":"post-6273","1":"product","2":"type-product","3":"status-publish","4":"has-post-thumbnail","6":"online_sale-juillet-2025","7":"product_cat-non-classe","9":"first","10":"instock","11":"shipping-taxable","12":"purchasable","13":"product-type-auction"},"acf":[],"_links":{"self":[{"href":"https:\/\/letempsjadisauction.com\/en\/wp-json\/wp\/v2\/product\/6273","targetHints":{"allow":["GET"]}}],"collection":[{"href":"https:\/\/letempsjadisauction.com\/en\/wp-json\/wp\/v2\/product"}],"about":[{"href":"https:\/\/letempsjadisauction.com\/en\/wp-json\/wp\/v2\/types\/product"}],"wp:featuredmedia":[{"embeddable":true,"href":"https:\/\/letempsjadisauction.com\/en\/wp-json\/wp\/v2\/media\/5960"}],"wp:attachment":[{"href":"https:\/\/letempsjadisauction.com\/en\/wp-json\/wp\/v2\/media?parent=6273"}],"wp:term":[{"taxonomy":"online_sale","embeddable":true,"href":"https:\/\/letempsjadisauction.com\/en\/wp-json\/wp\/v2\/online_sale?post=6273"},{"taxonomy":"product_brand","embeddable":true,"href":"https:\/\/letempsjadisauction.com\/en\/wp-json\/wp\/v2\/product_brand?post=6273"},{"taxonomy":"product_cat","embeddable":true,"href":"https:\/\/letempsjadisauction.com\/en\/wp-json\/wp\/v2\/product_cat?post=6273"},{"taxonomy":"product_tag","embeddable":true,"href":"https:\/\/letempsjadisauction.com\/en\/wp-json\/wp\/v2\/product_tag?post=6273"}],"curies":[{"name":"wp","href":"https:\/\/api.w.org\/{rel}","templated":true}]}}