{"id":6274,"date":"2025-07-16T11:06:06","date_gmt":"2025-07-16T11:06:06","guid":{"rendered":"https:\/\/letempsjadisauction.com\/?post_type=product&#038;p=6274"},"modified":"2025-07-30T14:48:03","modified_gmt":"2025-07-30T14:48:03","slug":"145-longwy-plateau-carre","status":"publish","type":"product","link":"https:\/\/letempsjadisauction.com\/en\/auction\/145-longwy-plateau-carre\/","title":{"rendered":"145-Ecole francaise,\u00a0 Apr\u00e8s Midi d&rsquo;\u00e9t\u00e9"},"content":{"rendered":"<p>Ecole francaise,\u00a0 Apr\u00e8s Midi d&rsquo;\u00e9t\u00e9, huile sur toile, 20e si\u00e8cle 30 x 40 cm, 52 x 62 cm avec cadre, signature \u00e0 identifier en bas \u00e0 droite.<\/p>","protected":false},"excerpt":{"rendered":"<p>Ecole francaise,\u00a0 Apr\u00e8s Midi d&rsquo;\u00e9t\u00e9<\/p>","protected":false},"featured_media":6349,"template":"","meta":{"_acf_changed":false,"inline_featured_image":false},"online_sale":[58],"product_brand":[],"product_cat":[18],"product_tag":[],"class_list":{"0":"post-6274","1":"product","2":"type-product","3":"status-publish","4":"has-post-thumbnail","6":"online_sale-juillet-2025","7":"product_cat-non-classe","9":"first","10":"instock","11":"shipping-taxable","12":"purchasable","13":"product-type-auction"},"acf":[],"_links":{"self":[{"href":"https:\/\/letempsjadisauction.com\/en\/wp-json\/wp\/v2\/product\/6274","targetHints":{"allow":["GET"]}}],"collection":[{"href":"https:\/\/letempsjadisauction.com\/en\/wp-json\/wp\/v2\/product"}],"about":[{"href":"https:\/\/letempsjadisauction.com\/en\/wp-json\/wp\/v2\/types\/product"}],"wp:featuredmedia":[{"embeddable":true,"href":"https:\/\/letempsjadisauction.com\/en\/wp-json\/wp\/v2\/media\/6349"}],"wp:attachment":[{"href":"https:\/\/letempsjadisauction.com\/en\/wp-json\/wp\/v2\/media?parent=6274"}],"wp:term":[{"taxonomy":"online_sale","embeddable":true,"href":"https:\/\/letempsjadisauction.com\/en\/wp-json\/wp\/v2\/online_sale?post=6274"},{"taxonomy":"product_brand","embeddable":true,"href":"https:\/\/letempsjadisauction.com\/en\/wp-json\/wp\/v2\/product_brand?post=6274"},{"taxonomy":"product_cat","embeddable":true,"href":"https:\/\/letempsjadisauction.com\/en\/wp-json\/wp\/v2\/product_cat?post=6274"},{"taxonomy":"product_tag","embeddable":true,"href":"https:\/\/letempsjadisauction.com\/en\/wp-json\/wp\/v2\/product_tag?post=6274"}],"curies":[{"name":"wp","href":"https:\/\/api.w.org\/{rel}","templated":true}]}}