{"id":6277,"date":"2025-07-16T11:06:05","date_gmt":"2025-07-16T11:06:05","guid":{"rendered":"https:\/\/letempsjadisauction.com\/?post_type=product&#038;p=6277"},"modified":"2025-07-16T11:06:05","modified_gmt":"2025-07-16T11:06:05","slug":"148-vitrine-en-marbre-rose","status":"publish","type":"product","link":"https:\/\/letempsjadisauction.com\/en\/auction\/148-vitrine-en-marbre-rose\/","title":{"rendered":"148-Vitrine en marbre rose"},"content":{"rendered":"<p>Vitrine en  marbre rose, structure vitr\u00e9e \u00e0 fa\u00e7ade incurv\u00e9e et colonnes cannel\u00e9es, surmont\u00e9e de trois boutons en porcelaine d\u00e9cor\u00e9e. Int\u00e9rieur garni de paille ancienne. 19-20e si\u00e8cle, 46 \u00d7 36 \u00d7 21 cm<\/p>","protected":false},"excerpt":{"rendered":"<p>Vitrine en marbre rose  <\/p>","protected":false},"featured_media":5969,"template":"","meta":{"_acf_changed":false,"inline_featured_image":false},"online_sale":[58],"product_brand":[],"product_cat":[18],"product_tag":[],"class_list":{"0":"post-6277","1":"product","2":"type-product","3":"status-publish","4":"has-post-thumbnail","6":"online_sale-juillet-2025","7":"product_cat-non-classe","9":"first","10":"instock","11":"shipping-taxable","12":"purchasable","13":"product-type-auction"},"acf":[],"_links":{"self":[{"href":"https:\/\/letempsjadisauction.com\/en\/wp-json\/wp\/v2\/product\/6277","targetHints":{"allow":["GET"]}}],"collection":[{"href":"https:\/\/letempsjadisauction.com\/en\/wp-json\/wp\/v2\/product"}],"about":[{"href":"https:\/\/letempsjadisauction.com\/en\/wp-json\/wp\/v2\/types\/product"}],"wp:featuredmedia":[{"embeddable":true,"href":"https:\/\/letempsjadisauction.com\/en\/wp-json\/wp\/v2\/media\/5969"}],"wp:attachment":[{"href":"https:\/\/letempsjadisauction.com\/en\/wp-json\/wp\/v2\/media?parent=6277"}],"wp:term":[{"taxonomy":"online_sale","embeddable":true,"href":"https:\/\/letempsjadisauction.com\/en\/wp-json\/wp\/v2\/online_sale?post=6277"},{"taxonomy":"product_brand","embeddable":true,"href":"https:\/\/letempsjadisauction.com\/en\/wp-json\/wp\/v2\/product_brand?post=6277"},{"taxonomy":"product_cat","embeddable":true,"href":"https:\/\/letempsjadisauction.com\/en\/wp-json\/wp\/v2\/product_cat?post=6277"},{"taxonomy":"product_tag","embeddable":true,"href":"https:\/\/letempsjadisauction.com\/en\/wp-json\/wp\/v2\/product_tag?post=6277"}],"curies":[{"name":"wp","href":"https:\/\/api.w.org\/{rel}","templated":true}]}}