{"id":6289,"date":"2025-07-16T11:06:07","date_gmt":"2025-07-16T11:06:07","guid":{"rendered":"https:\/\/letempsjadisauction.com\/?post_type=product&#038;p=6289"},"modified":"2025-07-16T11:06:07","modified_gmt":"2025-07-16T11:06:07","slug":"160-matthew-norman-pendulette-officier-6-5x4","status":"publish","type":"product","link":"https:\/\/letempsjadisauction.com\/en\/auction\/160-matthew-norman-pendulette-officier-6-5x4\/","title":{"rendered":"160-Matthew Norman \u2013 Pendulette officier 6.5&#215;4"},"content":{"rendered":"<p>Matthew Norman, pendulette d\u2019officier, laiton dor\u00e9, cadran \u00e9maill\u00e9 blanc, 6,5 \u00d7 4 \u00d7 4 London<\/p>","protected":false},"excerpt":{"rendered":"<p>Matthew Norman \u2013 Pendulette officier 6.5&#215;4  <\/p>","protected":false},"featured_media":5998,"template":"","meta":{"_acf_changed":false,"inline_featured_image":false},"online_sale":[58],"product_brand":[],"product_cat":[18],"product_tag":[],"class_list":{"0":"post-6289","1":"product","2":"type-product","3":"status-publish","4":"has-post-thumbnail","6":"online_sale-juillet-2025","7":"product_cat-non-classe","9":"first","10":"instock","11":"shipping-taxable","12":"purchasable","13":"product-type-auction"},"acf":[],"_links":{"self":[{"href":"https:\/\/letempsjadisauction.com\/en\/wp-json\/wp\/v2\/product\/6289","targetHints":{"allow":["GET"]}}],"collection":[{"href":"https:\/\/letempsjadisauction.com\/en\/wp-json\/wp\/v2\/product"}],"about":[{"href":"https:\/\/letempsjadisauction.com\/en\/wp-json\/wp\/v2\/types\/product"}],"wp:featuredmedia":[{"embeddable":true,"href":"https:\/\/letempsjadisauction.com\/en\/wp-json\/wp\/v2\/media\/5998"}],"wp:attachment":[{"href":"https:\/\/letempsjadisauction.com\/en\/wp-json\/wp\/v2\/media?parent=6289"}],"wp:term":[{"taxonomy":"online_sale","embeddable":true,"href":"https:\/\/letempsjadisauction.com\/en\/wp-json\/wp\/v2\/online_sale?post=6289"},{"taxonomy":"product_brand","embeddable":true,"href":"https:\/\/letempsjadisauction.com\/en\/wp-json\/wp\/v2\/product_brand?post=6289"},{"taxonomy":"product_cat","embeddable":true,"href":"https:\/\/letempsjadisauction.com\/en\/wp-json\/wp\/v2\/product_cat?post=6289"},{"taxonomy":"product_tag","embeddable":true,"href":"https:\/\/letempsjadisauction.com\/en\/wp-json\/wp\/v2\/product_tag?post=6289"}],"curies":[{"name":"wp","href":"https:\/\/api.w.org\/{rel}","templated":true}]}}