{"id":6290,"date":"2025-07-16T11:06:08","date_gmt":"2025-07-16T11:06:08","guid":{"rendered":"https:\/\/letempsjadisauction.com\/?post_type=product&#038;p=6290"},"modified":"2025-07-23T18:14:08","modified_gmt":"2025-07-23T18:14:08","slug":"161-charles-catteau-keramis-vase-fleurs-emaillees","status":"publish","type":"product","link":"https:\/\/letempsjadisauction.com\/en\/auction\/161-charles-catteau-keramis-vase-fleurs-emaillees\/","title":{"rendered":"161-Charles Catteau, Keramis \u2013 Vase fleurs \u00e9maill\u00e9es"},"content":{"rendered":"<p>Charles Catteau (1880-1966), Keramis, vase \u00e0 d\u00e9cor de fleurs en \u00e9maux, cachet Boch Keramis, p\u00e9riode art d\u00e9co, D.1264, 24 \u00d7 17 cm<\/p>","protected":false},"excerpt":{"rendered":"<p>Charles Catteau , Keramis \u2013 Vase fleurs \u00e9maill\u00e9es  <\/p>","protected":false},"featured_media":6000,"template":"","meta":{"_acf_changed":false,"inline_featured_image":false},"online_sale":[58],"product_brand":[],"product_cat":[18],"product_tag":[],"class_list":{"0":"post-6290","1":"product","2":"type-product","3":"status-publish","4":"has-post-thumbnail","6":"online_sale-juillet-2025","7":"product_cat-non-classe","9":"first","10":"instock","11":"shipping-taxable","12":"purchasable","13":"product-type-auction"},"acf":[],"_links":{"self":[{"href":"https:\/\/letempsjadisauction.com\/en\/wp-json\/wp\/v2\/product\/6290","targetHints":{"allow":["GET"]}}],"collection":[{"href":"https:\/\/letempsjadisauction.com\/en\/wp-json\/wp\/v2\/product"}],"about":[{"href":"https:\/\/letempsjadisauction.com\/en\/wp-json\/wp\/v2\/types\/product"}],"wp:featuredmedia":[{"embeddable":true,"href":"https:\/\/letempsjadisauction.com\/en\/wp-json\/wp\/v2\/media\/6000"}],"wp:attachment":[{"href":"https:\/\/letempsjadisauction.com\/en\/wp-json\/wp\/v2\/media?parent=6290"}],"wp:term":[{"taxonomy":"online_sale","embeddable":true,"href":"https:\/\/letempsjadisauction.com\/en\/wp-json\/wp\/v2\/online_sale?post=6290"},{"taxonomy":"product_brand","embeddable":true,"href":"https:\/\/letempsjadisauction.com\/en\/wp-json\/wp\/v2\/product_brand?post=6290"},{"taxonomy":"product_cat","embeddable":true,"href":"https:\/\/letempsjadisauction.com\/en\/wp-json\/wp\/v2\/product_cat?post=6290"},{"taxonomy":"product_tag","embeddable":true,"href":"https:\/\/letempsjadisauction.com\/en\/wp-json\/wp\/v2\/product_tag?post=6290"}],"curies":[{"name":"wp","href":"https:\/\/api.w.org\/{rel}","templated":true}]}}