{"id":6292,"date":"2025-07-16T11:06:24","date_gmt":"2025-07-16T11:06:24","guid":{"rendered":"https:\/\/letempsjadisauction.com\/?post_type=product&#038;p=6292"},"modified":"2025-07-30T15:24:28","modified_gmt":"2025-07-30T15:24:28","slug":"163-grande-statue-heron-zinc","status":"publish","type":"product","link":"https:\/\/letempsjadisauction.com\/en\/auction\/163-grande-statue-heron-zinc\/","title":{"rendered":"163-Grande statue h\u00e9ron zinc"},"content":{"rendered":"<p>Anonyme, grande statue de h\u00e9ron tenant un poisson dans son bec, \u00e9preuve en zinc, 61 \u00d7 50 cm. Restaurations<\/p>","protected":false},"excerpt":{"rendered":"<p>Grande statue h\u00e9ron zinc<\/p>","protected":false},"featured_media":6119,"template":"","meta":{"_acf_changed":false,"inline_featured_image":false},"online_sale":[58],"product_brand":[],"product_cat":[18],"product_tag":[],"class_list":{"0":"post-6292","1":"product","2":"type-product","3":"status-publish","4":"has-post-thumbnail","6":"online_sale-juillet-2025","7":"product_cat-non-classe","9":"first","10":"instock","11":"shipping-taxable","12":"purchasable","13":"product-type-auction"},"acf":[],"_links":{"self":[{"href":"https:\/\/letempsjadisauction.com\/en\/wp-json\/wp\/v2\/product\/6292","targetHints":{"allow":["GET"]}}],"collection":[{"href":"https:\/\/letempsjadisauction.com\/en\/wp-json\/wp\/v2\/product"}],"about":[{"href":"https:\/\/letempsjadisauction.com\/en\/wp-json\/wp\/v2\/types\/product"}],"wp:featuredmedia":[{"embeddable":true,"href":"https:\/\/letempsjadisauction.com\/en\/wp-json\/wp\/v2\/media\/6119"}],"wp:attachment":[{"href":"https:\/\/letempsjadisauction.com\/en\/wp-json\/wp\/v2\/media?parent=6292"}],"wp:term":[{"taxonomy":"online_sale","embeddable":true,"href":"https:\/\/letempsjadisauction.com\/en\/wp-json\/wp\/v2\/online_sale?post=6292"},{"taxonomy":"product_brand","embeddable":true,"href":"https:\/\/letempsjadisauction.com\/en\/wp-json\/wp\/v2\/product_brand?post=6292"},{"taxonomy":"product_cat","embeddable":true,"href":"https:\/\/letempsjadisauction.com\/en\/wp-json\/wp\/v2\/product_cat?post=6292"},{"taxonomy":"product_tag","embeddable":true,"href":"https:\/\/letempsjadisauction.com\/en\/wp-json\/wp\/v2\/product_tag?post=6292"}],"curies":[{"name":"wp","href":"https:\/\/api.w.org\/{rel}","templated":true}]}}