{"id":6294,"date":"2025-07-16T11:06:23","date_gmt":"2025-07-16T11:06:23","guid":{"rendered":"https:\/\/letempsjadisauction.com\/?post_type=product&#038;p=6294"},"modified":"2025-07-16T11:06:23","modified_gmt":"2025-07-16T11:06:23","slug":"165-auguste-musin-bateaux-dans-la-tempete","status":"publish","type":"product","link":"https:\/\/letempsjadisauction.com\/en\/auction\/165-auguste-musin-bateaux-dans-la-tempete\/","title":{"rendered":"165-Auguste Musin \u2013 Bateaux dans la temp\u00eate"},"content":{"rendered":"<p>Auguste Musin (1852-1923), Bateaux dans la temp\u00eate, huile sur toile, sign\u00e9 en bas \u00e0 droite, anciennes restaurations, 80 \u00d7 96, 99 \u00d7 75 cm<\/p>","protected":false},"excerpt":{"rendered":"<p>Auguste Musin \u2013 Bateaux dans la temp\u00eate  <\/p>","protected":false},"featured_media":6008,"template":"","meta":{"_acf_changed":false,"inline_featured_image":false},"online_sale":[58],"product_brand":[],"product_cat":[18],"product_tag":[],"class_list":{"0":"post-6294","1":"product","2":"type-product","3":"status-publish","4":"has-post-thumbnail","6":"online_sale-juillet-2025","7":"product_cat-non-classe","9":"first","10":"instock","11":"shipping-taxable","12":"purchasable","13":"product-type-auction"},"acf":[],"_links":{"self":[{"href":"https:\/\/letempsjadisauction.com\/en\/wp-json\/wp\/v2\/product\/6294","targetHints":{"allow":["GET"]}}],"collection":[{"href":"https:\/\/letempsjadisauction.com\/en\/wp-json\/wp\/v2\/product"}],"about":[{"href":"https:\/\/letempsjadisauction.com\/en\/wp-json\/wp\/v2\/types\/product"}],"wp:featuredmedia":[{"embeddable":true,"href":"https:\/\/letempsjadisauction.com\/en\/wp-json\/wp\/v2\/media\/6008"}],"wp:attachment":[{"href":"https:\/\/letempsjadisauction.com\/en\/wp-json\/wp\/v2\/media?parent=6294"}],"wp:term":[{"taxonomy":"online_sale","embeddable":true,"href":"https:\/\/letempsjadisauction.com\/en\/wp-json\/wp\/v2\/online_sale?post=6294"},{"taxonomy":"product_brand","embeddable":true,"href":"https:\/\/letempsjadisauction.com\/en\/wp-json\/wp\/v2\/product_brand?post=6294"},{"taxonomy":"product_cat","embeddable":true,"href":"https:\/\/letempsjadisauction.com\/en\/wp-json\/wp\/v2\/product_cat?post=6294"},{"taxonomy":"product_tag","embeddable":true,"href":"https:\/\/letempsjadisauction.com\/en\/wp-json\/wp\/v2\/product_tag?post=6294"}],"curies":[{"name":"wp","href":"https:\/\/api.w.org\/{rel}","templated":true}]}}