{"id":6296,"date":"2025-07-16T11:06:23","date_gmt":"2025-07-16T11:06:23","guid":{"rendered":"https:\/\/letempsjadisauction.com\/?post_type=product&#038;p=6296"},"modified":"2025-07-30T15:32:02","modified_gmt":"2025-07-30T15:32:02","slug":"167-lot-de-deux-mannequins-terre-cuite","status":"publish","type":"product","link":"https:\/\/letempsjadisauction.com\/en\/auction\/167-lot-de-deux-mannequins-terre-cuite\/","title":{"rendered":"167-Lot de deux mannequins terre cuite"},"content":{"rendered":"<p>Lot de deux mannequins, terre cuite, 20eme si\u00e8cle, H. 83 cm, \u00e9tat : restaurations, bras cass\u00e9 et recoll\u00e9<\/p>","protected":false},"excerpt":{"rendered":"<p>Lot de deux mannequins terre cuite<\/p>","protected":false},"featured_media":6013,"template":"","meta":{"_acf_changed":false,"inline_featured_image":false},"online_sale":[58],"product_brand":[],"product_cat":[18],"product_tag":[],"class_list":{"0":"post-6296","1":"product","2":"type-product","3":"status-publish","4":"has-post-thumbnail","6":"online_sale-juillet-2025","7":"product_cat-non-classe","9":"first","10":"instock","11":"shipping-taxable","12":"purchasable","13":"product-type-auction"},"acf":[],"_links":{"self":[{"href":"https:\/\/letempsjadisauction.com\/en\/wp-json\/wp\/v2\/product\/6296","targetHints":{"allow":["GET"]}}],"collection":[{"href":"https:\/\/letempsjadisauction.com\/en\/wp-json\/wp\/v2\/product"}],"about":[{"href":"https:\/\/letempsjadisauction.com\/en\/wp-json\/wp\/v2\/types\/product"}],"wp:featuredmedia":[{"embeddable":true,"href":"https:\/\/letempsjadisauction.com\/en\/wp-json\/wp\/v2\/media\/6013"}],"wp:attachment":[{"href":"https:\/\/letempsjadisauction.com\/en\/wp-json\/wp\/v2\/media?parent=6296"}],"wp:term":[{"taxonomy":"online_sale","embeddable":true,"href":"https:\/\/letempsjadisauction.com\/en\/wp-json\/wp\/v2\/online_sale?post=6296"},{"taxonomy":"product_brand","embeddable":true,"href":"https:\/\/letempsjadisauction.com\/en\/wp-json\/wp\/v2\/product_brand?post=6296"},{"taxonomy":"product_cat","embeddable":true,"href":"https:\/\/letempsjadisauction.com\/en\/wp-json\/wp\/v2\/product_cat?post=6296"},{"taxonomy":"product_tag","embeddable":true,"href":"https:\/\/letempsjadisauction.com\/en\/wp-json\/wp\/v2\/product_tag?post=6296"}],"curies":[{"name":"wp","href":"https:\/\/api.w.org\/{rel}","templated":true}]}}