{"id":6297,"date":"2025-07-16T11:06:22","date_gmt":"2025-07-16T11:06:22","guid":{"rendered":"https:\/\/letempsjadisauction.com\/?post_type=product&#038;p=6297"},"modified":"2025-07-16T11:06:23","modified_gmt":"2025-07-16T11:06:23","slug":"168-statue-rhinoceros-laiton-argente","status":"publish","type":"product","link":"https:\/\/letempsjadisauction.com\/en\/auction\/168-statue-rhinoceros-laiton-argente\/","title":{"rendered":"168-Statue rhinoc\u00e9ros laiton argent\u00e9"},"content":{"rendered":"<p>Anonyme, statue repr\u00e9senant un rhinoc\u00e9ro, laiton argent\u00e9,20eme si\u00e8cle, 24 \u00d7 13 cm<\/p>","protected":false},"excerpt":{"rendered":"<p>Statue rhinoc\u00e9ros laiton argent\u00e9  <\/p>","protected":false},"featured_media":6017,"template":"","meta":{"_acf_changed":false,"inline_featured_image":false},"online_sale":[58],"product_brand":[],"product_cat":[18],"product_tag":[],"class_list":{"0":"post-6297","1":"product","2":"type-product","3":"status-publish","4":"has-post-thumbnail","6":"online_sale-juillet-2025","7":"product_cat-non-classe","9":"first","10":"instock","11":"shipping-taxable","12":"purchasable","13":"product-type-auction"},"acf":[],"_links":{"self":[{"href":"https:\/\/letempsjadisauction.com\/en\/wp-json\/wp\/v2\/product\/6297","targetHints":{"allow":["GET"]}}],"collection":[{"href":"https:\/\/letempsjadisauction.com\/en\/wp-json\/wp\/v2\/product"}],"about":[{"href":"https:\/\/letempsjadisauction.com\/en\/wp-json\/wp\/v2\/types\/product"}],"wp:featuredmedia":[{"embeddable":true,"href":"https:\/\/letempsjadisauction.com\/en\/wp-json\/wp\/v2\/media\/6017"}],"wp:attachment":[{"href":"https:\/\/letempsjadisauction.com\/en\/wp-json\/wp\/v2\/media?parent=6297"}],"wp:term":[{"taxonomy":"online_sale","embeddable":true,"href":"https:\/\/letempsjadisauction.com\/en\/wp-json\/wp\/v2\/online_sale?post=6297"},{"taxonomy":"product_brand","embeddable":true,"href":"https:\/\/letempsjadisauction.com\/en\/wp-json\/wp\/v2\/product_brand?post=6297"},{"taxonomy":"product_cat","embeddable":true,"href":"https:\/\/letempsjadisauction.com\/en\/wp-json\/wp\/v2\/product_cat?post=6297"},{"taxonomy":"product_tag","embeddable":true,"href":"https:\/\/letempsjadisauction.com\/en\/wp-json\/wp\/v2\/product_tag?post=6297"}],"curies":[{"name":"wp","href":"https:\/\/api.w.org\/{rel}","templated":true}]}}