{"id":6304,"date":"2025-07-16T11:06:25","date_gmt":"2025-07-16T11:06:25","guid":{"rendered":"https:\/\/letempsjadisauction.com\/?post_type=product&#038;p=6304"},"modified":"2025-07-16T11:06:25","modified_gmt":"2025-07-16T11:06:25","slug":"175-luc-van-ruysevelt-statue-geometrique","status":"publish","type":"product","link":"https:\/\/letempsjadisauction.com\/en\/auction\/175-luc-van-ruysevelt-statue-geometrique\/","title":{"rendered":"175-Luc Van Ruysevelt \u2013 Statue g\u00e9om\u00e9trique"},"content":{"rendered":"<p>Luc Van Ruysevelt, statue g\u00e9om\u00e9trique, bronze, 20 \u00d7 12 cm, 20eme si\u00e8cle, sign\u00e9e<\/p>","protected":false},"excerpt":{"rendered":"<p>Luc Van Ruysevelt \u2013 Statue g\u00e9om\u00e9trique  <\/p>","protected":false},"featured_media":6035,"template":"","meta":{"_acf_changed":false,"inline_featured_image":false},"online_sale":[58],"product_brand":[],"product_cat":[18],"product_tag":[],"class_list":{"0":"post-6304","1":"product","2":"type-product","3":"status-publish","4":"has-post-thumbnail","6":"online_sale-juillet-2025","7":"product_cat-non-classe","9":"first","10":"instock","11":"shipping-taxable","12":"purchasable","13":"product-type-auction"},"acf":[],"_links":{"self":[{"href":"https:\/\/letempsjadisauction.com\/en\/wp-json\/wp\/v2\/product\/6304","targetHints":{"allow":["GET"]}}],"collection":[{"href":"https:\/\/letempsjadisauction.com\/en\/wp-json\/wp\/v2\/product"}],"about":[{"href":"https:\/\/letempsjadisauction.com\/en\/wp-json\/wp\/v2\/types\/product"}],"wp:featuredmedia":[{"embeddable":true,"href":"https:\/\/letempsjadisauction.com\/en\/wp-json\/wp\/v2\/media\/6035"}],"wp:attachment":[{"href":"https:\/\/letempsjadisauction.com\/en\/wp-json\/wp\/v2\/media?parent=6304"}],"wp:term":[{"taxonomy":"online_sale","embeddable":true,"href":"https:\/\/letempsjadisauction.com\/en\/wp-json\/wp\/v2\/online_sale?post=6304"},{"taxonomy":"product_brand","embeddable":true,"href":"https:\/\/letempsjadisauction.com\/en\/wp-json\/wp\/v2\/product_brand?post=6304"},{"taxonomy":"product_cat","embeddable":true,"href":"https:\/\/letempsjadisauction.com\/en\/wp-json\/wp\/v2\/product_cat?post=6304"},{"taxonomy":"product_tag","embeddable":true,"href":"https:\/\/letempsjadisauction.com\/en\/wp-json\/wp\/v2\/product_tag?post=6304"}],"curies":[{"name":"wp","href":"https:\/\/api.w.org\/{rel}","templated":true}]}}