{"id":6306,"date":"2025-07-16T11:06:24","date_gmt":"2025-07-16T11:06:24","guid":{"rendered":"https:\/\/letempsjadisauction.com\/?post_type=product&#038;p=6306"},"modified":"2025-07-30T15:52:02","modified_gmt":"2025-07-30T15:52:02","slug":"177-chine-pendule-laiton-emaille","status":"publish","type":"product","link":"https:\/\/letempsjadisauction.com\/en\/auction\/177-chine-pendule-laiton-emaille\/","title":{"rendered":"177-Chine \u2013 Pendule laiton \u00e9maill\u00e9"},"content":{"rendered":"<p>Chine, pendule en laiton emmaill\u00e9, cadran \u00e0 chiffres romains, plaque made in the people\u2019s republic of China, 20eme si\u00e8cle, 52 \u00d7 25 cm<\/p>","protected":false},"excerpt":{"rendered":"<p>Chine \u2013 Pendule laiton \u00e9maill\u00e9<\/p>","protected":false},"featured_media":6039,"template":"","meta":{"_acf_changed":false,"inline_featured_image":false},"online_sale":[58],"product_brand":[],"product_cat":[18],"product_tag":[],"class_list":{"0":"post-6306","1":"product","2":"type-product","3":"status-publish","4":"has-post-thumbnail","6":"online_sale-juillet-2025","7":"product_cat-non-classe","9":"first","10":"instock","11":"shipping-taxable","12":"purchasable","13":"product-type-auction"},"acf":[],"_links":{"self":[{"href":"https:\/\/letempsjadisauction.com\/en\/wp-json\/wp\/v2\/product\/6306","targetHints":{"allow":["GET"]}}],"collection":[{"href":"https:\/\/letempsjadisauction.com\/en\/wp-json\/wp\/v2\/product"}],"about":[{"href":"https:\/\/letempsjadisauction.com\/en\/wp-json\/wp\/v2\/types\/product"}],"wp:featuredmedia":[{"embeddable":true,"href":"https:\/\/letempsjadisauction.com\/en\/wp-json\/wp\/v2\/media\/6039"}],"wp:attachment":[{"href":"https:\/\/letempsjadisauction.com\/en\/wp-json\/wp\/v2\/media?parent=6306"}],"wp:term":[{"taxonomy":"online_sale","embeddable":true,"href":"https:\/\/letempsjadisauction.com\/en\/wp-json\/wp\/v2\/online_sale?post=6306"},{"taxonomy":"product_brand","embeddable":true,"href":"https:\/\/letempsjadisauction.com\/en\/wp-json\/wp\/v2\/product_brand?post=6306"},{"taxonomy":"product_cat","embeddable":true,"href":"https:\/\/letempsjadisauction.com\/en\/wp-json\/wp\/v2\/product_cat?post=6306"},{"taxonomy":"product_tag","embeddable":true,"href":"https:\/\/letempsjadisauction.com\/en\/wp-json\/wp\/v2\/product_tag?post=6306"}],"curies":[{"name":"wp","href":"https:\/\/api.w.org\/{rel}","templated":true}]}}