{"id":6307,"date":"2025-07-16T11:06:24","date_gmt":"2025-07-16T11:06:24","guid":{"rendered":"https:\/\/letempsjadisauction.com\/?post_type=product&#038;p=6307"},"modified":"2025-07-16T11:06:24","modified_gmt":"2025-07-16T11:06:24","slug":"178-mathurin-moreau-femme-et-enfant","status":"publish","type":"product","link":"https:\/\/letempsjadisauction.com\/en\/auction\/178-mathurin-moreau-femme-et-enfant\/","title":{"rendered":"178-Mathurin Moreau \u2013 Femme et enfant"},"content":{"rendered":"<p>Mathurin Moreau (1822-1912), grande sculpture repr\u00e9sentant une femme assise sur un rocher tenant un enfant dans ses bras, bronze \u00e0 patine m\u00e9daille, sign\u00e9e Math Moreau, hors concours, fonte ancienne de la fin du 19e si\u00e8cle, 60 \u00d7 22 cm<\/p>","protected":false},"excerpt":{"rendered":"<p>Mathurin Moreau \u2013 Femme et enfant  <\/p>","protected":false},"featured_media":6043,"template":"","meta":{"_acf_changed":false,"inline_featured_image":false},"online_sale":[58],"product_brand":[],"product_cat":[18],"product_tag":[],"class_list":{"0":"post-6307","1":"product","2":"type-product","3":"status-publish","4":"has-post-thumbnail","6":"online_sale-juillet-2025","7":"product_cat-non-classe","9":"first","10":"instock","11":"shipping-taxable","12":"purchasable","13":"product-type-auction"},"acf":[],"_links":{"self":[{"href":"https:\/\/letempsjadisauction.com\/en\/wp-json\/wp\/v2\/product\/6307","targetHints":{"allow":["GET"]}}],"collection":[{"href":"https:\/\/letempsjadisauction.com\/en\/wp-json\/wp\/v2\/product"}],"about":[{"href":"https:\/\/letempsjadisauction.com\/en\/wp-json\/wp\/v2\/types\/product"}],"wp:featuredmedia":[{"embeddable":true,"href":"https:\/\/letempsjadisauction.com\/en\/wp-json\/wp\/v2\/media\/6043"}],"wp:attachment":[{"href":"https:\/\/letempsjadisauction.com\/en\/wp-json\/wp\/v2\/media?parent=6307"}],"wp:term":[{"taxonomy":"online_sale","embeddable":true,"href":"https:\/\/letempsjadisauction.com\/en\/wp-json\/wp\/v2\/online_sale?post=6307"},{"taxonomy":"product_brand","embeddable":true,"href":"https:\/\/letempsjadisauction.com\/en\/wp-json\/wp\/v2\/product_brand?post=6307"},{"taxonomy":"product_cat","embeddable":true,"href":"https:\/\/letempsjadisauction.com\/en\/wp-json\/wp\/v2\/product_cat?post=6307"},{"taxonomy":"product_tag","embeddable":true,"href":"https:\/\/letempsjadisauction.com\/en\/wp-json\/wp\/v2\/product_tag?post=6307"}],"curies":[{"name":"wp","href":"https:\/\/api.w.org\/{rel}","templated":true}]}}