{"id":6309,"date":"2025-07-16T11:06:40","date_gmt":"2025-07-16T11:06:40","guid":{"rendered":"https:\/\/letempsjadisauction.com\/?post_type=product&#038;p=6309"},"modified":"2025-07-16T11:06:40","modified_gmt":"2025-07-16T11:06:40","slug":"180-panneau-buste-femme-art-nouveau","status":"publish","type":"product","link":"https:\/\/letempsjadisauction.com\/en\/auction\/180-panneau-buste-femme-art-nouveau\/","title":{"rendered":"180-Panneau buste femme Art nouveau"},"content":{"rendered":"<p>Anonyme, panneau repr\u00e9sentant un buste de femme de profil dans un m\u00e9daillon jaune, encadr\u00e9 de feuillage stylis\u00e9 et de fleurs, bois sculpt\u00e9, travail de style Art nouveau, fin 19e \u2013 d\u00e9but20e si\u00e8cle, 92 \u00d7 36 cm,<\/p>","protected":false},"excerpt":{"rendered":"<p>Panneau buste femme Art nouveau  <\/p>","protected":false},"featured_media":6051,"template":"","meta":{"_acf_changed":false,"inline_featured_image":false},"online_sale":[58],"product_brand":[],"product_cat":[18],"product_tag":[],"class_list":{"0":"post-6309","1":"product","2":"type-product","3":"status-publish","4":"has-post-thumbnail","6":"online_sale-juillet-2025","7":"product_cat-non-classe","9":"first","10":"instock","11":"shipping-taxable","12":"purchasable","13":"product-type-auction"},"acf":[],"_links":{"self":[{"href":"https:\/\/letempsjadisauction.com\/en\/wp-json\/wp\/v2\/product\/6309","targetHints":{"allow":["GET"]}}],"collection":[{"href":"https:\/\/letempsjadisauction.com\/en\/wp-json\/wp\/v2\/product"}],"about":[{"href":"https:\/\/letempsjadisauction.com\/en\/wp-json\/wp\/v2\/types\/product"}],"wp:featuredmedia":[{"embeddable":true,"href":"https:\/\/letempsjadisauction.com\/en\/wp-json\/wp\/v2\/media\/6051"}],"wp:attachment":[{"href":"https:\/\/letempsjadisauction.com\/en\/wp-json\/wp\/v2\/media?parent=6309"}],"wp:term":[{"taxonomy":"online_sale","embeddable":true,"href":"https:\/\/letempsjadisauction.com\/en\/wp-json\/wp\/v2\/online_sale?post=6309"},{"taxonomy":"product_brand","embeddable":true,"href":"https:\/\/letempsjadisauction.com\/en\/wp-json\/wp\/v2\/product_brand?post=6309"},{"taxonomy":"product_cat","embeddable":true,"href":"https:\/\/letempsjadisauction.com\/en\/wp-json\/wp\/v2\/product_cat?post=6309"},{"taxonomy":"product_tag","embeddable":true,"href":"https:\/\/letempsjadisauction.com\/en\/wp-json\/wp\/v2\/product_tag?post=6309"}],"curies":[{"name":"wp","href":"https:\/\/api.w.org\/{rel}","templated":true}]}}