{"id":6314,"date":"2025-07-16T11:06:41","date_gmt":"2025-07-16T11:06:41","guid":{"rendered":"https:\/\/letempsjadisauction.com\/?post_type=product&#038;p=6314"},"modified":"2025-07-30T16:08:02","modified_gmt":"2025-07-30T16:08:02","slug":"185-nevers-monogramme-itv-vase-a-oranger","status":"publish","type":"product","link":"https:\/\/letempsjadisauction.com\/en\/auction\/185-nevers-monogramme-itv-vase-a-oranger\/","title":{"rendered":"185-Nevers ? Monogramme ITV \u2013 vase \u00e0 oranger"},"content":{"rendered":"<p>Vase \u00e0 oranger sur pi\u00e9douche en fa\u00efence \u00e0 d\u00e9cors bleus et blancs, monogramme grav\u00e9 \u00ab\u202fI\u202fT\u202fV\u202f\u00bb, 18e si\u00e8cle, 44 \u00d7 48 cm, \u00e9tat : restaurations anciennes avec agrafes<\/p>","protected":false},"excerpt":{"rendered":"<p>Nevers ? Monogramme ITV \u2013 Vase \u00e0 oranger<\/p>","protected":false},"featured_media":6060,"template":"","meta":{"_acf_changed":false,"inline_featured_image":false},"online_sale":[58],"product_brand":[],"product_cat":[18],"product_tag":[],"class_list":{"0":"post-6314","1":"product","2":"type-product","3":"status-publish","4":"has-post-thumbnail","6":"online_sale-juillet-2025","7":"product_cat-non-classe","9":"first","10":"instock","11":"shipping-taxable","12":"purchasable","13":"product-type-auction"},"acf":[],"_links":{"self":[{"href":"https:\/\/letempsjadisauction.com\/en\/wp-json\/wp\/v2\/product\/6314","targetHints":{"allow":["GET"]}}],"collection":[{"href":"https:\/\/letempsjadisauction.com\/en\/wp-json\/wp\/v2\/product"}],"about":[{"href":"https:\/\/letempsjadisauction.com\/en\/wp-json\/wp\/v2\/types\/product"}],"wp:featuredmedia":[{"embeddable":true,"href":"https:\/\/letempsjadisauction.com\/en\/wp-json\/wp\/v2\/media\/6060"}],"wp:attachment":[{"href":"https:\/\/letempsjadisauction.com\/en\/wp-json\/wp\/v2\/media?parent=6314"}],"wp:term":[{"taxonomy":"online_sale","embeddable":true,"href":"https:\/\/letempsjadisauction.com\/en\/wp-json\/wp\/v2\/online_sale?post=6314"},{"taxonomy":"product_brand","embeddable":true,"href":"https:\/\/letempsjadisauction.com\/en\/wp-json\/wp\/v2\/product_brand?post=6314"},{"taxonomy":"product_cat","embeddable":true,"href":"https:\/\/letempsjadisauction.com\/en\/wp-json\/wp\/v2\/product_cat?post=6314"},{"taxonomy":"product_tag","embeddable":true,"href":"https:\/\/letempsjadisauction.com\/en\/wp-json\/wp\/v2\/product_tag?post=6314"}],"curies":[{"name":"wp","href":"https:\/\/api.w.org\/{rel}","templated":true}]}}