{"id":6316,"date":"2025-07-16T11:06:40","date_gmt":"2025-07-16T11:06:40","guid":{"rendered":"https:\/\/letempsjadisauction.com\/?post_type=product&#038;p=6316"},"modified":"2025-07-29T08:15:50","modified_gmt":"2025-07-29T08:15:50","slug":"187-anonyme-statue-ange-ailes-deployees","status":"publish","type":"product","link":"https:\/\/letempsjadisauction.com\/en\/auction\/187-anonyme-statue-ange-ailes-deployees\/","title":{"rendered":"187-Anonyme \u2013 Statue ange ailes d\u00e9ploy\u00e9es"},"content":{"rendered":"<p>Anonyme, grande statue repr\u00e9sentant un ange les ailes d\u00e9ploy\u00e9es, bois, 19-20eme si\u00e8cle, 92 \u00d7 84 \u00d7 21 cm<\/p>","protected":false},"excerpt":{"rendered":"<p>Anonyme \u2013 Statue ange ailes d\u00e9ploy\u00e9es  <\/p>","protected":false},"featured_media":6070,"template":"","meta":{"_acf_changed":false,"inline_featured_image":false},"online_sale":[58],"product_brand":[],"product_cat":[18],"product_tag":[],"class_list":{"0":"post-6316","1":"product","2":"type-product","3":"status-publish","4":"has-post-thumbnail","6":"online_sale-juillet-2025","7":"product_cat-non-classe","9":"first","10":"instock","11":"shipping-taxable","12":"purchasable","13":"product-type-auction"},"acf":[],"_links":{"self":[{"href":"https:\/\/letempsjadisauction.com\/en\/wp-json\/wp\/v2\/product\/6316","targetHints":{"allow":["GET"]}}],"collection":[{"href":"https:\/\/letempsjadisauction.com\/en\/wp-json\/wp\/v2\/product"}],"about":[{"href":"https:\/\/letempsjadisauction.com\/en\/wp-json\/wp\/v2\/types\/product"}],"wp:featuredmedia":[{"embeddable":true,"href":"https:\/\/letempsjadisauction.com\/en\/wp-json\/wp\/v2\/media\/6070"}],"wp:attachment":[{"href":"https:\/\/letempsjadisauction.com\/en\/wp-json\/wp\/v2\/media?parent=6316"}],"wp:term":[{"taxonomy":"online_sale","embeddable":true,"href":"https:\/\/letempsjadisauction.com\/en\/wp-json\/wp\/v2\/online_sale?post=6316"},{"taxonomy":"product_brand","embeddable":true,"href":"https:\/\/letempsjadisauction.com\/en\/wp-json\/wp\/v2\/product_brand?post=6316"},{"taxonomy":"product_cat","embeddable":true,"href":"https:\/\/letempsjadisauction.com\/en\/wp-json\/wp\/v2\/product_cat?post=6316"},{"taxonomy":"product_tag","embeddable":true,"href":"https:\/\/letempsjadisauction.com\/en\/wp-json\/wp\/v2\/product_tag?post=6316"}],"curies":[{"name":"wp","href":"https:\/\/api.w.org\/{rel}","templated":true}]}}